{"id":901,"date":"2021-07-12T18:33:21","date_gmt":"2021-07-12T16:33:21","guid":{"rendered":"https:\/\/www.vieste.it\/tour\/?page_id=901"},"modified":"2022-06-04T12:09:18","modified_gmt":"2022-06-04T10:09:18","slug":"treni-bus","status":"publish","type":"page","link":"https:\/\/www.vieste.it\/tour\/treni-bus\/","title":{"rendered":"Vieste link &#8211;  Servizio combinato treno e bus"},"content":{"rendered":"<p><img loading=\"lazy\" decoding=\"async\" class=\"aligncenter wp-image-902\" src=\"https:\/\/www.vieste.it\/tour\/wp-content\/uploads\/2021\/07\/vieste-link-300x152.jpg\" alt=\"Vieste link treno + bus con Trenitalia\" width=\"905\" height=\"459\" \/><\/p>\n<h2>Da domenica 12 giugno, \u00e8 presente il Vieste link, il nuovo servizio di Trenitalia,\u00a0 combinato treno + bus che collega la stazione di Foggia con il Gargano.<\/h2>\n<p>Tornano i <em>link<\/em> di Trenitalia per Vieste e San Giovanni Rotondo, i servizi combinati treno-bus,\u00a0e aumentano i treni a lunga percorrenza per l\u2019estate. L\u2019amministratore delegato di Trenitalia, Luigi Corradi, ha presentato la Trenitalia Summer Experience 2022, la nuova offerta estiva, con servizi e promozioni adeguate a una domanda di mobilit\u00e0 sostenibile e incentivanti un turismo di qualit\u00e0, messa a punto dalle societ\u00e0 del polo \u2018Passeggeri\u2019 del Gruppo Fs e al via domenica 12 giugno, in concomitanza proprio con l\u2019attivazione dell\u2019orario ferroviario estivo.<\/p>\n<blockquote><p><em>Con l\u2019avvio della Trenitalia Summer Experience 2022 \u2013 <\/em>ha evidenziato Luigi Corradi, Amministratore Delegato di Trenitalia<em> \u2013 il nostro obiettivo \u00e8 valorizzare e incentivare la scelta del treno anche coniugandolo in maniera efficace con altri mezzi di trasporto quando necessari a raggiungere le mete finali pi\u00f9 amate dai nostri clienti.\u00a0<\/em><\/p><\/blockquote>\n<p>Saranno pi\u00f9 di\u00a0200 i treni regionali\u00a0di Trenitalia in circolazione ogni giorno sulle linee Lecce\u2013Bari, Bari\u2013Foggia, Bari\u2013Taranto,\u00a0Taranto\u2013Brindisi\u00a0e Foggia-Manfredonia, con un incremento dei collegamenti\u00a0Barletta-Bari-Fasano nel weekend. Numeri a cui si aggiungono quelli di Ferrovie del Sud Est con\u00a0i suoi oltre 200 treni al giorno e pi\u00f9 di 900 corse bus\u00a0che collegano in modo capillare i comuni della Valle d\u2019Itria e del Salento.<\/p>\n<p>Offerta a cui si aggiungono i <strong>Freccialink<\/strong> per Vieste e Peschici con orari dei bus combinati con le <strong>Frecce provenienti da Roma, Firenze, Bologna e Milano.<\/strong><\/p>\n<p>Dopo il successo dello scorso anno, tornano anche quest\u2019estate i servizi treno pi\u00f9 bus, in collaborazione con Cotrap, in\u00a0connessione con i treni regionali provenienti da Lecce, Bari e Barletta:\u00a0<strong><em>Vieste link,<\/em>\u00a0fino a 16 connessioni al giorno<\/strong> con il servizio pubblico locale di\u00a0bus che connettono la stazione ferroviaria di Foggia con il territorio turistico del Gargano; <em>San Giovanni Rotondo link,<\/em>\u00a0fino a 36 collegamenti bus al giorno per raggiungere da Foggia il Santuario di Padre Pio; collegamenti in treno da giugno a fine agosto\u00a0sulla linea Foggia \u2013 Manfredonia.<\/p>\n<div class=\"text section\">\n<p>Pi\u00f9 facile raggiungere il Gargano con il nuovo servizio di trasporto integrato treno + bus di Trenitalia (Gruppo FS), attivo per tutta l\u2019estate 2021. Quattro collegamenti al giorno, dal venerd\u00ec alla domenica, consentiranno infatti di raggiungere\u00a0<strong>Vieste\u00a0<\/strong>e\u00a0<strong>Peschici\u00a0<\/strong>a bordo dei\u00a0<em>Freccialink<\/em>, con orari dei bus combinati con le\u00a0<em>Frecce\u00a0<\/em>provenienti da\u00a0<strong>Roma<\/strong>,\u00a0<strong>Bologna\u00a0<\/strong>e\u00a0<strong>Milano<\/strong>. I\u00a0<strong>bus\u00a0<\/strong>partiranno \u00a0dal parcheggio della stazione di\u00a0<strong>Foggia\u00a0<\/strong>e fermeranno a\u00a0<strong>Vieste<\/strong>, sul Lungomare Europa (Terminal bus) e a\u00a0<strong>Peschici\u00a0<\/strong>in via Monte Santo, nei pressi dell\u2019ex campo sportivo.<\/p>\n<p><span style=\"font-size: 16px;\">Per favorire il <\/span><strong style=\"font-size: 16px;\">turismo di prossimit\u00e0<\/strong><span style=\"font-size: 16px;\">, tutti i giorni partir\u00e0 dalla stazione di Foggia, il\u00a0<\/span><strong style=\"font-size: 16px;\"><em>Vieste\u00a0Link<\/em><\/strong><span style=\"font-size: 16px;\">. <\/span><\/p>\n<p><span style=\"font-size: 16px;\">Partenza dal parcheggio intermodale della stazione di Foggia e arrivo a Vieste sul Lungomare Europa (Terminal bus).\u00a0Il servizio sar\u00e0 attivo fino al 19 settembre, i\u00a0link\u00a0di\u00a0<\/span><strong style=\"font-size: 16px;\">Trenitalia\u00a0<\/strong><span style=\"font-size: 16px;\">sono acquistabili esclusivamente in abbinamento a un biglietto ferroviario su tutti i canali di vendita della societ\u00e0 di trasporto del\u00a0<\/span><strong style=\"font-size: 16px;\">Gruppo FS<\/strong><span style=\"font-size: 16px;\">.<\/span><\/p>\n<h5>Questo \u00e8 il link su <strong>Trenitalia<\/strong> per il biglietto\u00a0 <a href=\"https:\/\/www.trenitalia.com\/it\/treni_regionali.html?\">https:\/\/www.trenitalia.com\/it\/treni_regionali.html?<\/a><\/h5>\n<p><span style=\"font-size: 16px;\">Scegli la stazione di Vieste per acquistare in un\u2019unica soluzione il biglietto del <\/span><strong style=\"font-size: 16px;\">treno<\/strong><span style=\"font-size: 16px;\"> e del <\/span><strong style=\"font-size: 16px;\">servizio bus<\/strong><span style=\"font-size: 16px;\">.<\/span><\/p>\n<\/div>\n<h3>Le fermate<\/h3>\n<p>Da Foggia la partenza del bus \u00e8 prevista presso la stazione intermodale nei pressi della stazione ferroviaria di Foggia (100mt a destra all\u2019uscita della stazione).<\/p>\n<p>L\u2019arrivo a Vieste \u00e8 al capolinea in viale Europa.<\/p>\n<h3>I prezzi<\/h3>\n<div class=\"boxAcc\">\n<div>\n<div class=\"textComponent\">\n<div>\n<p>Il prezzo del biglietto per raggiungere Vieste in bus partendo dalla stazione ferroviaria di Bari Centrale, per un solo viaggio, \u00e8 di 7,20\u20ac.<br \/>\nIl costo del biglietto verr\u00e0 aggiunto a quello della tratta ferroviaria prescelta.\u00a0Maggiori informazioni riguardanti il trasporto su gomma sono disponibili sul sito\u00a0<a href=\"http:\/\/www.cotrap.it\/\">www.cotrap.it<\/a><\/p>\n<h3>Altre\u00a0 informazioni<\/h3>\n<div class=\"boxAcc\">\n<div>\n<div class=\"textComponent\">\n<div>\n<p>Non sono ammessi sconti o riduzioni sulla quota parte Cotrap.<\/p>\n<p>\u00c8 possibile acquistare un biglietto per Vieste su tutti i canali di vendita di Trenitalia (su questo sito, App Trenitalia, Self Service in stazione, biglietterie, agenzie di viaggio abilitate, punti vendita Tabaccai PUNTOLIS, Mooney).<\/p>\n<p>Il biglietto del servizio bus per la tratta Foggia \u2013 Vieste non pu\u00f2 essere acquistato anche singolarmente sui sistemi e nei punti di vendita di Trenitalia.<\/p>\n<h4 class=\"rosso ipad \">Voglia di vacanza? Scopri tutte le destinazioni e le promo regionali su<\/h4>\n<p class=\"rosso ipad \">Scopri tutti i\u00a0 servizi Link di Trenitalia: <a href=\"https:\/\/www.trenitalia.com\/it\/treni_regionali\/servizi-link-regionali.html\">Servizi Link regionali &#8211; Trenitalia<\/a><\/p>\n<p>L\u2019estate regionale di <strong>Trenitalia<\/strong> \u00e8 ricca di destinazioni e collegamenti a prezzi davvero convenienti.<br \/>\n<b>5800<\/b>\u00a0<b>convogli regionali al giorno<\/b>\u00a0a cui si aggiungono altri\u00a0<b>1000 di Trenitalia Tper<\/b>\u00a0con 1200 servizi che portano verso il mare, 400 verso le mete naturalistiche, 1400 per le citt\u00e0 d\u2019arte.<br \/>\nScopri tutte le offerte, i servizi stagionali Line ed i Link\u2026da quest\u2019anno con il Regionale arrivi fino alle isole! Stay tuned!<br \/>\nTrova la soluzione giusta per le tue vacanze con Trenitalia Regionale.<\/p>\n<\/div>\n<\/div>\n<\/div>\n<\/div>\n<\/div>\n<\/div>\n<\/div>\n<\/div>\n","protected":false},"excerpt":{"rendered":"<p>Da domenica 12 giugno, \u00e8 presente il Vieste link, il nuovo servizio di Trenitalia,\u00a0 combinato treno + bus che collega la stazione di Foggia con il Gargano. Tornano i link di Trenitalia per Vieste e San Giovanni Rotondo, i servizi combinati treno-bus,\u00a0e aumentano i treni a lunga percorrenza per l\u2019estate. L\u2019amministratore delegato di Trenitalia, Luigi &hellip;<\/p>\n<p class=\"read-more\"> <a class=\"\" href=\"https:\/\/www.vieste.it\/tour\/treni-bus\/\"> <span class=\"screen-reader-text\">Vieste link &#8211;  Servizio combinato treno e bus<\/span> Leggi altro &raquo;<\/a><\/p>\n","protected":false},"author":1,"featured_media":0,"parent":0,"menu_order":0,"comment_status":"closed","ping_status":"closed","template":"","meta":{"site-sidebar-layout":"default","site-content-layout":"default","ast-main-header-display":"","ast-hfb-above-header-display":"","ast-hfb-below-header-display":"","ast-hfb-mobile-header-display":"","site-post-title":"","ast-breadcrumbs-content":"","ast-featured-img":"","footer-sml-layout":"","theme-transparent-header-meta":"default","adv-header-id-meta":"","stick-header-meta":"","header-above-stick-meta":"","header-main-stick-meta":"","header-below-stick-meta":"","footnotes":""},"class_list":["post-901","page","type-page","status-publish","hentry"],"yoast_head":"<!-- This site is optimized with the Yoast SEO plugin v26.6 - https:\/\/yoast.com\/wordpress\/plugins\/seo\/ -->\n<title>Vieste link - Servizio combinato treno e bus - Vieste e dintorni<\/title>\n<meta name=\"description\" content=\"Dal 10 luglio \u00e8 attivo il Vieste link, il nuovo servizio Trenitalia combinato treno + bus, che collega la stazione di Foggia con il Gargano\" \/>\n<meta name=\"robots\" content=\"index, follow, max-snippet:-1, max-image-preview:large, max-video-preview:-1\" \/>\n<link rel=\"canonical\" href=\"https:\/\/www.vieste.it\/tour\/treni-bus\/\" \/>\n<meta property=\"og:locale\" content=\"it_IT\" \/>\n<meta property=\"og:type\" content=\"article\" \/>\n<meta property=\"og:title\" content=\"Vieste link - Servizio combinato treno e bus - Vieste e dintorni\" \/>\n<meta property=\"og:description\" content=\"Dal 10 luglio \u00e8 attivo il Vieste link, il nuovo servizio Trenitalia combinato treno + bus, che collega la stazione di Foggia con il Gargano\" \/>\n<meta property=\"og:url\" content=\"https:\/\/www.vieste.it\/tour\/treni-bus\/\" \/>\n<meta property=\"og:site_name\" content=\"Vieste e dintorni\" \/>\n<meta property=\"article:modified_time\" content=\"2022-06-04T10:09:18+00:00\" \/>\n<meta property=\"og:image\" content=\"https:\/\/www.vieste.it\/tour\/wp-content\/uploads\/2021\/07\/vieste-link-300x152.jpg\" \/>\n<meta name=\"twitter:card\" content=\"summary_large_image\" \/>\n<meta name=\"twitter:label1\" content=\"Tempo di lettura stimato\" \/>\n\t<meta name=\"twitter:data1\" content=\"4 minuti\" \/>\n<script type=\"application\/ld+json\" class=\"yoast-schema-graph\">{\"@context\":\"https:\/\/schema.org\",\"@graph\":[{\"@type\":\"WebPage\",\"@id\":\"https:\/\/www.vieste.it\/tour\/treni-bus\/\",\"url\":\"https:\/\/www.vieste.it\/tour\/treni-bus\/\",\"name\":\"Vieste link - Servizio combinato treno e bus - Vieste e dintorni\",\"isPartOf\":{\"@id\":\"https:\/\/www.vieste.it\/tour\/#website\"},\"primaryImageOfPage\":{\"@id\":\"https:\/\/www.vieste.it\/tour\/treni-bus\/#primaryimage\"},\"image\":{\"@id\":\"https:\/\/www.vieste.it\/tour\/treni-bus\/#primaryimage\"},\"thumbnailUrl\":\"https:\/\/www.vieste.it\/tour\/wp-content\/uploads\/2021\/07\/vieste-link-300x152.jpg\",\"datePublished\":\"2021-07-12T16:33:21+00:00\",\"dateModified\":\"2022-06-04T10:09:18+00:00\",\"description\":\"Dal 10 luglio \u00e8 attivo il Vieste link, il nuovo servizio Trenitalia combinato treno + bus, che collega la stazione di Foggia con il Gargano\",\"breadcrumb\":{\"@id\":\"https:\/\/www.vieste.it\/tour\/treni-bus\/#breadcrumb\"},\"inLanguage\":\"it-IT\",\"potentialAction\":[{\"@type\":\"ReadAction\",\"target\":[\"https:\/\/www.vieste.it\/tour\/treni-bus\/\"]}]},{\"@type\":\"ImageObject\",\"inLanguage\":\"it-IT\",\"@id\":\"https:\/\/www.vieste.it\/tour\/treni-bus\/#primaryimage\",\"url\":\"https:\/\/www.vieste.it\/tour\/wp-content\/uploads\/2021\/07\/vieste-link.jpg\",\"contentUrl\":\"https:\/\/www.vieste.it\/tour\/wp-content\/uploads\/2021\/07\/vieste-link.jpg\",\"width\":1000,\"height\":505},{\"@type\":\"BreadcrumbList\",\"@id\":\"https:\/\/www.vieste.it\/tour\/treni-bus\/#breadcrumb\",\"itemListElement\":[{\"@type\":\"ListItem\",\"position\":1,\"name\":\"Home\",\"item\":\"https:\/\/www.vieste.it\/tour\/\"},{\"@type\":\"ListItem\",\"position\":2,\"name\":\"Vieste link &#8211; Servizio combinato treno e bus\"}]},{\"@type\":\"WebSite\",\"@id\":\"https:\/\/www.vieste.it\/tour\/#website\",\"url\":\"https:\/\/www.vieste.it\/tour\/\",\"name\":\"Vieste e dintorni\",\"description\":\"\",\"publisher\":{\"@id\":\"https:\/\/www.vieste.it\/tour\/#organization\"},\"potentialAction\":[{\"@type\":\"SearchAction\",\"target\":{\"@type\":\"EntryPoint\",\"urlTemplate\":\"https:\/\/www.vieste.it\/tour\/?s={search_term_string}\"},\"query-input\":{\"@type\":\"PropertyValueSpecification\",\"valueRequired\":true,\"valueName\":\"search_term_string\"}}],\"inLanguage\":\"it-IT\"},{\"@type\":\"Organization\",\"@id\":\"https:\/\/www.vieste.it\/tour\/#organization\",\"name\":\"Vieste.it\",\"url\":\"https:\/\/www.vieste.it\/tour\/\",\"logo\":{\"@type\":\"ImageObject\",\"inLanguage\":\"it-IT\",\"@id\":\"https:\/\/www.vieste.it\/tour\/#\/schema\/logo\/image\/\",\"url\":\"https:\/\/www.vieste.it\/tour\/wp-content\/uploads\/2020\/11\/logoviesteit.png\",\"contentUrl\":\"https:\/\/www.vieste.it\/tour\/wp-content\/uploads\/2020\/11\/logoviesteit.png\",\"width\":170,\"height\":75,\"caption\":\"Vieste.it\"},\"image\":{\"@id\":\"https:\/\/www.vieste.it\/tour\/#\/schema\/logo\/image\/\"}}]}<\/script>\n<!-- \/ Yoast SEO plugin. -->","yoast_head_json":{"title":"Vieste link - Servizio combinato treno e bus - Vieste e dintorni","description":"Dal 10 luglio \u00e8 attivo il Vieste link, il nuovo servizio Trenitalia combinato treno + bus, che collega la stazione di Foggia con il Gargano","robots":{"index":"index","follow":"follow","max-snippet":"max-snippet:-1","max-image-preview":"max-image-preview:large","max-video-preview":"max-video-preview:-1"},"canonical":"https:\/\/www.vieste.it\/tour\/treni-bus\/","og_locale":"it_IT","og_type":"article","og_title":"Vieste link - Servizio combinato treno e bus - Vieste e dintorni","og_description":"Dal 10 luglio \u00e8 attivo il Vieste link, il nuovo servizio Trenitalia combinato treno + bus, che collega la stazione di Foggia con il Gargano","og_url":"https:\/\/www.vieste.it\/tour\/treni-bus\/","og_site_name":"Vieste e dintorni","article_modified_time":"2022-06-04T10:09:18+00:00","og_image":[{"url":"https:\/\/www.vieste.it\/tour\/wp-content\/uploads\/2021\/07\/vieste-link-300x152.jpg","type":"","width":"","height":""}],"twitter_card":"summary_large_image","twitter_misc":{"Tempo di lettura stimato":"4 minuti"},"schema":{"@context":"https:\/\/schema.org","@graph":[{"@type":"WebPage","@id":"https:\/\/www.vieste.it\/tour\/treni-bus\/","url":"https:\/\/www.vieste.it\/tour\/treni-bus\/","name":"Vieste link - Servizio combinato treno e bus - Vieste e dintorni","isPartOf":{"@id":"https:\/\/www.vieste.it\/tour\/#website"},"primaryImageOfPage":{"@id":"https:\/\/www.vieste.it\/tour\/treni-bus\/#primaryimage"},"image":{"@id":"https:\/\/www.vieste.it\/tour\/treni-bus\/#primaryimage"},"thumbnailUrl":"https:\/\/www.vieste.it\/tour\/wp-content\/uploads\/2021\/07\/vieste-link-300x152.jpg","datePublished":"2021-07-12T16:33:21+00:00","dateModified":"2022-06-04T10:09:18+00:00","description":"Dal 10 luglio \u00e8 attivo il Vieste link, il nuovo servizio Trenitalia combinato treno + bus, che collega la stazione di Foggia con il Gargano","breadcrumb":{"@id":"https:\/\/www.vieste.it\/tour\/treni-bus\/#breadcrumb"},"inLanguage":"it-IT","potentialAction":[{"@type":"ReadAction","target":["https:\/\/www.vieste.it\/tour\/treni-bus\/"]}]},{"@type":"ImageObject","inLanguage":"it-IT","@id":"https:\/\/www.vieste.it\/tour\/treni-bus\/#primaryimage","url":"https:\/\/www.vieste.it\/tour\/wp-content\/uploads\/2021\/07\/vieste-link.jpg","contentUrl":"https:\/\/www.vieste.it\/tour\/wp-content\/uploads\/2021\/07\/vieste-link.jpg","width":1000,"height":505},{"@type":"BreadcrumbList","@id":"https:\/\/www.vieste.it\/tour\/treni-bus\/#breadcrumb","itemListElement":[{"@type":"ListItem","position":1,"name":"Home","item":"https:\/\/www.vieste.it\/tour\/"},{"@type":"ListItem","position":2,"name":"Vieste link &#8211; Servizio combinato treno e bus"}]},{"@type":"WebSite","@id":"https:\/\/www.vieste.it\/tour\/#website","url":"https:\/\/www.vieste.it\/tour\/","name":"Vieste e dintorni","description":"","publisher":{"@id":"https:\/\/www.vieste.it\/tour\/#organization"},"potentialAction":[{"@type":"SearchAction","target":{"@type":"EntryPoint","urlTemplate":"https:\/\/www.vieste.it\/tour\/?s={search_term_string}"},"query-input":{"@type":"PropertyValueSpecification","valueRequired":true,"valueName":"search_term_string"}}],"inLanguage":"it-IT"},{"@type":"Organization","@id":"https:\/\/www.vieste.it\/tour\/#organization","name":"Vieste.it","url":"https:\/\/www.vieste.it\/tour\/","logo":{"@type":"ImageObject","inLanguage":"it-IT","@id":"https:\/\/www.vieste.it\/tour\/#\/schema\/logo\/image\/","url":"https:\/\/www.vieste.it\/tour\/wp-content\/uploads\/2020\/11\/logoviesteit.png","contentUrl":"https:\/\/www.vieste.it\/tour\/wp-content\/uploads\/2020\/11\/logoviesteit.png","width":170,"height":75,"caption":"Vieste.it"},"image":{"@id":"https:\/\/www.vieste.it\/tour\/#\/schema\/logo\/image\/"}}]}},"_links":{"self":[{"href":"https:\/\/www.vieste.it\/tour\/wp-json\/wp\/v2\/pages\/901","targetHints":{"allow":["GET"]}}],"collection":[{"href":"https:\/\/www.vieste.it\/tour\/wp-json\/wp\/v2\/pages"}],"about":[{"href":"https:\/\/www.vieste.it\/tour\/wp-json\/wp\/v2\/types\/page"}],"author":[{"embeddable":true,"href":"https:\/\/www.vieste.it\/tour\/wp-json\/wp\/v2\/users\/1"}],"replies":[{"embeddable":true,"href":"https:\/\/www.vieste.it\/tour\/wp-json\/wp\/v2\/comments?post=901"}],"version-history":[{"count":12,"href":"https:\/\/www.vieste.it\/tour\/wp-json\/wp\/v2\/pages\/901\/revisions"}],"predecessor-version":[{"id":1593,"href":"https:\/\/www.vieste.it\/tour\/wp-json\/wp\/v2\/pages\/901\/revisions\/1593"}],"wp:attachment":[{"href":"https:\/\/www.vieste.it\/tour\/wp-json\/wp\/v2\/media?parent=901"}],"curies":[{"name":"wp","href":"https:\/\/api.w.org\/{rel}","templated":true}]}}