{"id":780,"date":"2021-02-07T16:31:56","date_gmt":"2021-02-07T15:31:56","guid":{"rendered":"https:\/\/www.vieste.it\/tour\/?page_id=780"},"modified":"2022-08-19T11:07:28","modified_gmt":"2022-08-19T09:07:28","slug":"le-spiagge-piu-belle-della-puglia-riviera-dei-trulli","status":"publish","type":"page","link":"https:\/\/www.vieste.it\/tour\/le-spiagge-piu-belle-della-puglia-riviera-dei-trulli\/","title":{"rendered":"Le spiagge pi\u00f9 belle della Puglia: Riviera dei Trulli"},"content":{"rendered":"<p>La costa della <strong>Riviera dei Trulli\u00a0<\/strong>inizia a sud della <strong>terra di Bari<\/strong> in Puglia e si snoda per molti chilometri, con lunghe spiagge, alcune molto belle che si susseguono, fra rigogliose fasce di orti, di viti e di oliveti, pittoreschi centri marinari, per finire con \u00a0<strong>Torre Guaceto<\/strong>\u00a0 un tratto di costa incontaminato e poco distante dalla citt\u00e0 di <strong>San Vito dei Normanni<\/strong>\u00a0 e da <strong>Lido Specchiolla.<\/strong><\/p>\n<figure id=\"attachment_785\" aria-describedby=\"caption-attachment-785\" style=\"width: 919px\" class=\"wp-caption aligncenter\"><img loading=\"lazy\" decoding=\"async\" class=\"wp-image-785\" src=\"https:\/\/www.vieste.it\/tour\/wp-content\/uploads\/2021\/02\/marina-torre-a-mare-300x125.jpg\" alt=\"Le spiagge pi\u00f9 belle della Puglia: Torre a Mare sulla Riviera dei Trulli\" width=\"919\" height=\"383\" srcset=\"https:\/\/www.vieste.it\/tour\/wp-content\/uploads\/2021\/02\/marina-torre-a-mare-300x125.jpg 300w, https:\/\/www.vieste.it\/tour\/wp-content\/uploads\/2021\/02\/marina-torre-a-mare-768x319.jpg 768w\" sizes=\"auto, (max-width: 919px) 100vw, 919px\" \/><figcaption id=\"caption-attachment-785\" class=\"wp-caption-text\">Le spiagge pi\u00f9 belle della Puglia: Torre a Mare sulla Riviera dei Trulli<\/figcaption><\/figure>\n<p>Superato\u00a0<strong>Torre a Mare<\/strong> graziosa localit\u00e0 balneare con una bella spiaggia sabbiosa in prossimit\u00e0 di rocce perforate da grotte si giunge alla cittadina di\u00a0 <strong>Mola di Bari<\/strong> cittadina\u00a0 dotata di un vivace porto peschereccio per poi raggiungere dall&#8217;alta e frastagliata scogliera a picco sul mare\u00a0\u00a0<strong>Polignano a Mare<\/strong> che attrae i turisti con le sue numerose ed interessanti\u00a0<strong>grotte marine<\/strong> che si aprono nelle sue rocce a strapiombo. Il mare penetra tranquillo e con meravigliose trasparenze di smeraldo nelle oscure cavit\u00e0 di queste grotte addentrandosi, in qualcuna di esse, per decine di metri. Fra esse, \u00e8 la\u00a0<strong>Grotta Palazzese<\/strong>\u00a0che \u00e8 la pi\u00f9 bella e la pi\u00f9 nota per le sue intense colorazioni verdi-azzurre. Altre interessanti grotte sono: quelle dei\u00a0<strong>Colombi<\/strong>,\u00a0<strong>della Colonna<\/strong>,\u00a0<strong>della Foca<\/strong>\u00a0e, nei dintorni di\u00a0<strong>Polignano<\/strong>, quelle dei\u00a0<strong>Ladroni\u00a0<\/strong>e del\u00a0<strong>Guardiano\u00a0<\/strong>che hanno rivelato tracce di vita preistorica.\u00a0 L&#8217;ultimo centro sul litorale della <strong>terra di Bari<\/strong> \u00e8\u00a0 <strong>MONOPOLI<\/strong>.<\/p>\n<p>&#8211; <a href=\"https:\/\/www.vieste.it\/puglia\/spiagge\/\"> Le spiagge pi\u00f9 belle della Puglia\u00a0<\/a><br \/>\n&#8211; <a href=\"https:\/\/www.vieste.it\/puglia\/spiagge\/le-spiagge-piu-belle-della-puglia-il-gargano.htm\"> Le spiagge pi\u00f9 belle del Gargano\u00a0<\/a><br \/>\n&#8211; <a href=\"https:\/\/www.vieste.it\/puglia\/salento\/spiagge.htm\">Le spiagge pi\u00f9 belle della Puglia\/1: il Salento\u00a0<\/a><br \/>\n&#8211; <a href=\"https:\/\/www.vieste.it\/tour\/spiagge-costa-ionica-tarantina\/\">Le spiagge pi\u00f9 belle della Puglia\/2: il Tarantino<\/a><br \/>\n&#8211; <a href=\"https:\/\/www.vieste.it\/tour\/le-spiagge-piu-belle-della-puglia-riviera-dei-trulli\/\">Le spiagge pi\u00f9 belle della Puglia\/3: terra di Bari e riviera dei Trulli<\/a><\/p>\n<p>Le coste della Terra di Bari sono rettilinee, salvo poco e piccoli promontori mentre quelle della Riviera dei Trulli ha un profilo dentellato di rocce erose dalle onde e con tre promontori: Punta Penne, Capo Bianco e Capo di Torre Cavallo.<\/p>\n<p><strong>LE SPIAGGE DA VEDERE NELLA RIVIERA DEI TRULLI<\/strong><\/p>\n<figure id=\"attachment_805\" aria-describedby=\"caption-attachment-805\" style=\"width: 654px\" class=\"wp-caption aligncenter\"><img loading=\"lazy\" decoding=\"async\" class=\"wp-image-805\" style=\"font-weight: inherit;\" src=\"https:\/\/www.vieste.it\/tour\/wp-content\/uploads\/2021\/02\/spiaggia-pane-e-pomodoro-bari-300x177.jpg\" alt=\"Pane e Pomodoro a Bari\" width=\"654\" height=\"386\" srcset=\"https:\/\/www.vieste.it\/tour\/wp-content\/uploads\/2021\/02\/spiaggia-pane-e-pomodoro-bari-300x177.jpg 300w, https:\/\/www.vieste.it\/tour\/wp-content\/uploads\/2021\/02\/spiaggia-pane-e-pomodoro-bari-1024x605.jpg 1024w, https:\/\/www.vieste.it\/tour\/wp-content\/uploads\/2021\/02\/spiaggia-pane-e-pomodoro-bari-768x454.jpg 768w, https:\/\/www.vieste.it\/tour\/wp-content\/uploads\/2021\/02\/spiaggia-pane-e-pomodoro-bari.jpg 1200w\" sizes=\"auto, (max-width: 654px) 100vw, 654px\" \/><figcaption id=\"caption-attachment-805\" class=\"wp-caption-text\">Pane e Pomodoro a Bari<\/figcaption><\/figure>\n<p><strong>Pane e Pomodoro<\/strong> e la <strong>spiaggia di\u00a0Torre Quetta<\/strong> sono le spiagge di Bari e si arriva con l\u2019autobus n\u00b0 12 o dal Lungomare Nazario Sauro, molto frequentate sia \u00a0di giorno che di notte. Il mare certo non \u00e8 tra i pi\u00f9 cristallini della regione.<\/p>\n<figure id=\"attachment_807\" aria-describedby=\"caption-attachment-807\" style=\"width: 666px\" class=\"wp-caption aligncenter\"><img loading=\"lazy\" decoding=\"async\" class=\"wp-image-807\" style=\"font-style: inherit; font-weight: bold;\" src=\"https:\/\/www.vieste.it\/tour\/wp-content\/uploads\/2021\/02\/spiaggia-cala-paura-polignano-a-mare-300x170.jpg\" alt=\"Spiaggia Cala Paura a Polignano a Mare\" width=\"666\" height=\"377\" srcset=\"https:\/\/www.vieste.it\/tour\/wp-content\/uploads\/2021\/02\/spiaggia-cala-paura-polignano-a-mare-300x170.jpg 300w, https:\/\/www.vieste.it\/tour\/wp-content\/uploads\/2021\/02\/spiaggia-cala-paura-polignano-a-mare-1024x579.jpg 1024w, https:\/\/www.vieste.it\/tour\/wp-content\/uploads\/2021\/02\/spiaggia-cala-paura-polignano-a-mare-768x434.jpg 768w, https:\/\/www.vieste.it\/tour\/wp-content\/uploads\/2021\/02\/spiaggia-cala-paura-polignano-a-mare.jpg 1200w\" sizes=\"auto, (max-width: 666px) 100vw, 666px\" \/><figcaption id=\"caption-attachment-807\" class=\"wp-caption-text\">Spiaggia Cala Paura a Polignano a Mare<\/figcaption><\/figure>\n<p><strong>Spiaggia di Cala Paura a Polignano a Mare<\/strong>,\u00a0 Cala Porto con la Spiaggia Lama Monachile \u00e8 a poca distanza\u00a0 dal centro \u00e8 libera ed \u00e8 incastonata dentro uno degli scorci pi\u00f9 belli di Polignano. Poco pi\u00f9 a nord c\u2019\u00e8 Cala Paura, dove gli ombrelloni e le sdraio si infilano tra i ciottoli. A circa 2 km dal centro troviamo la sabbiosa e comoda Porto Cavallo,\u00a0 pi\u00f9 a nord, la spiaggia di San Vito.<\/p>\n<figure id=\"attachment_810\" aria-describedby=\"caption-attachment-810\" style=\"width: 666px\" class=\"wp-caption aligncenter\"><img loading=\"lazy\" decoding=\"async\" class=\"wp-image-810\" src=\"https:\/\/www.vieste.it\/tour\/wp-content\/uploads\/2021\/02\/spiaggia-capitolo-monopoli-300x170.jpg\" alt=\"Spiaggia Capitolo Monopoli\" width=\"666\" height=\"377\" srcset=\"https:\/\/www.vieste.it\/tour\/wp-content\/uploads\/2021\/02\/spiaggia-capitolo-monopoli-300x170.jpg 300w, https:\/\/www.vieste.it\/tour\/wp-content\/uploads\/2021\/02\/spiaggia-capitolo-monopoli-1024x579.jpg 1024w, https:\/\/www.vieste.it\/tour\/wp-content\/uploads\/2021\/02\/spiaggia-capitolo-monopoli-768x434.jpg 768w, https:\/\/www.vieste.it\/tour\/wp-content\/uploads\/2021\/02\/spiaggia-capitolo-monopoli.jpg 1200w\" sizes=\"auto, (max-width: 666px) 100vw, 666px\" \/><figcaption id=\"caption-attachment-810\" class=\"wp-caption-text\">Spiaggia Capitolo Monopoli<\/figcaption><\/figure>\n<p><strong> Spiaggia Capitolo Monopoli<\/strong>, un lungo litorale di sabbia fine con spiaggia libera adatta a chi viaggia con la famiglia,\u00a0 e con stabilimenti balneari\u00a0 attrezzati aperti 24 ore su 24, (come il lido Sabbiadoro), delle discoteche che ne fanno uno dei centri propulsori del divertimento per i pi\u00f9 mondani del barese.<\/p>\n<figure id=\"attachment_822\" aria-describedby=\"caption-attachment-822\" style=\"width: 646px\" class=\"wp-caption aligncenter\"><img loading=\"lazy\" decoding=\"async\" class=\"wp-image-822\" src=\"https:\/\/www.vieste.it\/tour\/wp-content\/uploads\/2021\/02\/spiaggia-torre-canne-fasano-300x170.jpg\" alt=\"Spiaggia di Torre Canne a Fasano\" width=\"646\" height=\"366\" srcset=\"https:\/\/www.vieste.it\/tour\/wp-content\/uploads\/2021\/02\/spiaggia-torre-canne-fasano-300x170.jpg 300w, https:\/\/www.vieste.it\/tour\/wp-content\/uploads\/2021\/02\/spiaggia-torre-canne-fasano-1024x579.jpg 1024w, https:\/\/www.vieste.it\/tour\/wp-content\/uploads\/2021\/02\/spiaggia-torre-canne-fasano-768x434.jpg 768w, https:\/\/www.vieste.it\/tour\/wp-content\/uploads\/2021\/02\/spiaggia-torre-canne-fasano.jpg 1200w\" sizes=\"auto, (max-width: 646px) 100vw, 646px\" \/><figcaption id=\"caption-attachment-822\" class=\"wp-caption-text\">Spiaggia di Torre Canne a Fasano<\/figcaption><\/figure>\n<figure id=\"attachment_823\" aria-describedby=\"caption-attachment-823\" style=\"width: 653px\" class=\"wp-caption aligncenter\"><img loading=\"lazy\" decoding=\"async\" class=\"wp-image-823\" src=\"https:\/\/www.vieste.it\/tour\/wp-content\/uploads\/2021\/02\/spiaggia-lido-morelli-ostuni-300x170.jpg\" alt=\"Spiaggia Lido Morelli a Ostuni\" width=\"653\" height=\"370\" srcset=\"https:\/\/www.vieste.it\/tour\/wp-content\/uploads\/2021\/02\/spiaggia-lido-morelli-ostuni-300x170.jpg 300w, https:\/\/www.vieste.it\/tour\/wp-content\/uploads\/2021\/02\/spiaggia-lido-morelli-ostuni-1024x579.jpg 1024w, https:\/\/www.vieste.it\/tour\/wp-content\/uploads\/2021\/02\/spiaggia-lido-morelli-ostuni-768x434.jpg 768w, https:\/\/www.vieste.it\/tour\/wp-content\/uploads\/2021\/02\/spiaggia-lido-morelli-ostuni.jpg 1200w\" sizes=\"auto, (max-width: 653px) 100vw, 653px\" \/><figcaption id=\"caption-attachment-823\" class=\"wp-caption-text\">Spiaggia Lido Morelli a Ostuni<\/figcaption><\/figure>\n<figure id=\"attachment_824\" aria-describedby=\"caption-attachment-824\" style=\"width: 658px\" class=\"wp-caption aligncenter\"><img loading=\"lazy\" decoding=\"async\" class=\"wp-image-824\" src=\"https:\/\/www.vieste.it\/tour\/wp-content\/uploads\/2021\/02\/spiagge-torre-guaceto-carovigno-300x170.jpg\" alt=\"Spiagge di Torre Guaceto a Carovigno\" width=\"658\" height=\"373\" srcset=\"https:\/\/www.vieste.it\/tour\/wp-content\/uploads\/2021\/02\/spiagge-torre-guaceto-carovigno-300x170.jpg 300w, https:\/\/www.vieste.it\/tour\/wp-content\/uploads\/2021\/02\/spiagge-torre-guaceto-carovigno-1024x579.jpg 1024w, https:\/\/www.vieste.it\/tour\/wp-content\/uploads\/2021\/02\/spiagge-torre-guaceto-carovigno-768x434.jpg 768w, https:\/\/www.vieste.it\/tour\/wp-content\/uploads\/2021\/02\/spiagge-torre-guaceto-carovigno.jpg 1200w\" sizes=\"auto, (max-width: 658px) 100vw, 658px\" \/><figcaption id=\"caption-attachment-824\" class=\"wp-caption-text\">Spiagge di Torre Guaceto a Carovigno<\/figcaption><\/figure>\n<p>Dal comune di <strong>Fasano\u00a0<\/strong>con\u00a0<strong>Torre Canne<\/strong> e la sua lunga spiaggia sabbiosa, inizia nella provincia di Brindisi,\u00a0 la <strong>riviera dei Trulli<\/strong> che finisce\u00a0 con altre piccole spiagge in localit\u00e0 <strong>Pilone.<\/strong><\/p>\n<p>La\u00a0<strong>riviera dei trulli<\/strong>\u00a0\u00e8 caratterizzata da tanti\u00a0 paesaggi da scoprire per godere\u00a0 appieno\u00a0<a href=\"https:\/\/www.vieste.it\/puglia\/\"><strong>la vacanza in Puglia<\/strong><\/a>.\u00a0 E&#8217; il mondo della verde campagna\u00a0 della <a href=\"https:\/\/www.vieste.it\/tour\/valle-itria\/\"><strong>Valle d&#8217;Itria<\/strong><\/a>, con gli uliveti, i\u00a0 <strong>trulli\u00a0<\/strong>e le\u00a0\u00a0<strong>masserie<\/strong>, \u00e8 il mondo delle tante testimonianze di millenni di storia e preistoria.<\/p>\n","protected":false},"excerpt":{"rendered":"<p>La costa della Riviera dei Trulli\u00a0inizia a sud della terra di Bari in Puglia e si snoda per molti chilometri, con lunghe spiagge, alcune molto belle che si susseguono, fra rigogliose fasce di orti, di viti e di oliveti, pittoreschi centri marinari, per finire con \u00a0Torre Guaceto\u00a0 un tratto di costa incontaminato e poco distante &hellip;<\/p>\n<p class=\"read-more\"> <a class=\"\" href=\"https:\/\/www.vieste.it\/tour\/le-spiagge-piu-belle-della-puglia-riviera-dei-trulli\/\"> <span class=\"screen-reader-text\">Le spiagge pi\u00f9 belle della Puglia: Riviera dei Trulli<\/span> Leggi altro &raquo;<\/a><\/p>\n","protected":false},"author":1,"featured_media":0,"parent":0,"menu_order":0,"comment_status":"closed","ping_status":"closed","template":"","meta":{"site-sidebar-layout":"default","site-content-layout":"default","ast-main-header-display":"","ast-hfb-above-header-display":"","ast-hfb-below-header-display":"","ast-hfb-mobile-header-display":"","site-post-title":"","ast-breadcrumbs-content":"","ast-featured-img":"","footer-sml-layout":"","theme-transparent-header-meta":"default","adv-header-id-meta":"","stick-header-meta":"","header-above-stick-meta":"","header-main-stick-meta":"","header-below-stick-meta":"","footnotes":""},"class_list":["post-780","page","type-page","status-publish","hentry"],"yoast_head":"<!-- This site is optimized with the Yoast SEO plugin v26.6 - https:\/\/yoast.com\/wordpress\/plugins\/seo\/ -->\n<title>Le spiagge pi\u00f9 belle della Puglia: Riviera dei Trulli - Vieste e dintorni<\/title>\n<meta name=\"description\" content=\"In Puglia, dalla terra di Bari fino a Torre Guaceto, tra belle spiagge e calette nella Riviera dei Trulli il divertimento \u00e8 assicurato.\" \/>\n<meta name=\"robots\" content=\"index, follow, max-snippet:-1, max-image-preview:large, max-video-preview:-1\" \/>\n<link rel=\"canonical\" href=\"https:\/\/www.vieste.it\/tour\/le-spiagge-piu-belle-della-puglia-riviera-dei-trulli\/\" \/>\n<meta property=\"og:locale\" content=\"it_IT\" \/>\n<meta property=\"og:type\" content=\"article\" \/>\n<meta property=\"og:title\" content=\"Le spiagge pi\u00f9 belle della Puglia: Riviera dei Trulli - Vieste e dintorni\" \/>\n<meta property=\"og:description\" content=\"In Puglia, dalla terra di Bari fino a Torre Guaceto, tra belle spiagge e calette nella Riviera dei Trulli il divertimento \u00e8 assicurato.\" \/>\n<meta property=\"og:url\" content=\"https:\/\/www.vieste.it\/tour\/le-spiagge-piu-belle-della-puglia-riviera-dei-trulli\/\" \/>\n<meta property=\"og:site_name\" content=\"Vieste e dintorni\" \/>\n<meta property=\"article:modified_time\" content=\"2022-08-19T09:07:28+00:00\" \/>\n<meta property=\"og:image\" content=\"https:\/\/www.vieste.it\/tour\/wp-content\/uploads\/2021\/02\/marina-torre-a-mare-300x125.jpg\" \/>\n<meta name=\"twitter:card\" content=\"summary_large_image\" \/>\n<meta name=\"twitter:label1\" content=\"Tempo di lettura stimato\" \/>\n\t<meta name=\"twitter:data1\" content=\"3 minuti\" \/>\n<script type=\"application\/ld+json\" class=\"yoast-schema-graph\">{\"@context\":\"https:\/\/schema.org\",\"@graph\":[{\"@type\":\"WebPage\",\"@id\":\"https:\/\/www.vieste.it\/tour\/le-spiagge-piu-belle-della-puglia-riviera-dei-trulli\/\",\"url\":\"https:\/\/www.vieste.it\/tour\/le-spiagge-piu-belle-della-puglia-riviera-dei-trulli\/\",\"name\":\"Le spiagge pi\u00f9 belle della Puglia: Riviera dei Trulli - Vieste e dintorni\",\"isPartOf\":{\"@id\":\"https:\/\/www.vieste.it\/tour\/#website\"},\"primaryImageOfPage\":{\"@id\":\"https:\/\/www.vieste.it\/tour\/le-spiagge-piu-belle-della-puglia-riviera-dei-trulli\/#primaryimage\"},\"image\":{\"@id\":\"https:\/\/www.vieste.it\/tour\/le-spiagge-piu-belle-della-puglia-riviera-dei-trulli\/#primaryimage\"},\"thumbnailUrl\":\"https:\/\/www.vieste.it\/tour\/wp-content\/uploads\/2021\/02\/marina-torre-a-mare-300x125.jpg\",\"datePublished\":\"2021-02-07T15:31:56+00:00\",\"dateModified\":\"2022-08-19T09:07:28+00:00\",\"description\":\"In Puglia, dalla terra di Bari fino a Torre Guaceto, tra belle spiagge e calette nella Riviera dei Trulli il divertimento \u00e8 assicurato.\",\"breadcrumb\":{\"@id\":\"https:\/\/www.vieste.it\/tour\/le-spiagge-piu-belle-della-puglia-riviera-dei-trulli\/#breadcrumb\"},\"inLanguage\":\"it-IT\",\"potentialAction\":[{\"@type\":\"ReadAction\",\"target\":[\"https:\/\/www.vieste.it\/tour\/le-spiagge-piu-belle-della-puglia-riviera-dei-trulli\/\"]}]},{\"@type\":\"ImageObject\",\"inLanguage\":\"it-IT\",\"@id\":\"https:\/\/www.vieste.it\/tour\/le-spiagge-piu-belle-della-puglia-riviera-dei-trulli\/#primaryimage\",\"url\":\"https:\/\/www.vieste.it\/tour\/wp-content\/uploads\/2021\/02\/marina-torre-a-mare.jpg\",\"contentUrl\":\"https:\/\/www.vieste.it\/tour\/wp-content\/uploads\/2021\/02\/marina-torre-a-mare.jpg\",\"width\":1200,\"height\":498},{\"@type\":\"BreadcrumbList\",\"@id\":\"https:\/\/www.vieste.it\/tour\/le-spiagge-piu-belle-della-puglia-riviera-dei-trulli\/#breadcrumb\",\"itemListElement\":[{\"@type\":\"ListItem\",\"position\":1,\"name\":\"Home\",\"item\":\"https:\/\/www.vieste.it\/tour\/\"},{\"@type\":\"ListItem\",\"position\":2,\"name\":\"Le spiagge pi\u00f9 belle della Puglia: Riviera dei Trulli\"}]},{\"@type\":\"WebSite\",\"@id\":\"https:\/\/www.vieste.it\/tour\/#website\",\"url\":\"https:\/\/www.vieste.it\/tour\/\",\"name\":\"Vieste e dintorni\",\"description\":\"\",\"publisher\":{\"@id\":\"https:\/\/www.vieste.it\/tour\/#organization\"},\"potentialAction\":[{\"@type\":\"SearchAction\",\"target\":{\"@type\":\"EntryPoint\",\"urlTemplate\":\"https:\/\/www.vieste.it\/tour\/?s={search_term_string}\"},\"query-input\":{\"@type\":\"PropertyValueSpecification\",\"valueRequired\":true,\"valueName\":\"search_term_string\"}}],\"inLanguage\":\"it-IT\"},{\"@type\":\"Organization\",\"@id\":\"https:\/\/www.vieste.it\/tour\/#organization\",\"name\":\"Vieste.it\",\"url\":\"https:\/\/www.vieste.it\/tour\/\",\"logo\":{\"@type\":\"ImageObject\",\"inLanguage\":\"it-IT\",\"@id\":\"https:\/\/www.vieste.it\/tour\/#\/schema\/logo\/image\/\",\"url\":\"https:\/\/www.vieste.it\/tour\/wp-content\/uploads\/2020\/11\/logoviesteit.png\",\"contentUrl\":\"https:\/\/www.vieste.it\/tour\/wp-content\/uploads\/2020\/11\/logoviesteit.png\",\"width\":170,\"height\":75,\"caption\":\"Vieste.it\"},\"image\":{\"@id\":\"https:\/\/www.vieste.it\/tour\/#\/schema\/logo\/image\/\"}}]}<\/script>\n<!-- \/ Yoast SEO plugin. -->","yoast_head_json":{"title":"Le spiagge pi\u00f9 belle della Puglia: Riviera dei Trulli - Vieste e dintorni","description":"In Puglia, dalla terra di Bari fino a Torre Guaceto, tra belle spiagge e calette nella Riviera dei Trulli il divertimento \u00e8 assicurato.","robots":{"index":"index","follow":"follow","max-snippet":"max-snippet:-1","max-image-preview":"max-image-preview:large","max-video-preview":"max-video-preview:-1"},"canonical":"https:\/\/www.vieste.it\/tour\/le-spiagge-piu-belle-della-puglia-riviera-dei-trulli\/","og_locale":"it_IT","og_type":"article","og_title":"Le spiagge pi\u00f9 belle della Puglia: Riviera dei Trulli - Vieste e dintorni","og_description":"In Puglia, dalla terra di Bari fino a Torre Guaceto, tra belle spiagge e calette nella Riviera dei Trulli il divertimento \u00e8 assicurato.","og_url":"https:\/\/www.vieste.it\/tour\/le-spiagge-piu-belle-della-puglia-riviera-dei-trulli\/","og_site_name":"Vieste e dintorni","article_modified_time":"2022-08-19T09:07:28+00:00","og_image":[{"url":"https:\/\/www.vieste.it\/tour\/wp-content\/uploads\/2021\/02\/marina-torre-a-mare-300x125.jpg","type":"","width":"","height":""}],"twitter_card":"summary_large_image","twitter_misc":{"Tempo di lettura stimato":"3 minuti"},"schema":{"@context":"https:\/\/schema.org","@graph":[{"@type":"WebPage","@id":"https:\/\/www.vieste.it\/tour\/le-spiagge-piu-belle-della-puglia-riviera-dei-trulli\/","url":"https:\/\/www.vieste.it\/tour\/le-spiagge-piu-belle-della-puglia-riviera-dei-trulli\/","name":"Le spiagge pi\u00f9 belle della Puglia: Riviera dei Trulli - Vieste e dintorni","isPartOf":{"@id":"https:\/\/www.vieste.it\/tour\/#website"},"primaryImageOfPage":{"@id":"https:\/\/www.vieste.it\/tour\/le-spiagge-piu-belle-della-puglia-riviera-dei-trulli\/#primaryimage"},"image":{"@id":"https:\/\/www.vieste.it\/tour\/le-spiagge-piu-belle-della-puglia-riviera-dei-trulli\/#primaryimage"},"thumbnailUrl":"https:\/\/www.vieste.it\/tour\/wp-content\/uploads\/2021\/02\/marina-torre-a-mare-300x125.jpg","datePublished":"2021-02-07T15:31:56+00:00","dateModified":"2022-08-19T09:07:28+00:00","description":"In Puglia, dalla terra di Bari fino a Torre Guaceto, tra belle spiagge e calette nella Riviera dei Trulli il divertimento \u00e8 assicurato.","breadcrumb":{"@id":"https:\/\/www.vieste.it\/tour\/le-spiagge-piu-belle-della-puglia-riviera-dei-trulli\/#breadcrumb"},"inLanguage":"it-IT","potentialAction":[{"@type":"ReadAction","target":["https:\/\/www.vieste.it\/tour\/le-spiagge-piu-belle-della-puglia-riviera-dei-trulli\/"]}]},{"@type":"ImageObject","inLanguage":"it-IT","@id":"https:\/\/www.vieste.it\/tour\/le-spiagge-piu-belle-della-puglia-riviera-dei-trulli\/#primaryimage","url":"https:\/\/www.vieste.it\/tour\/wp-content\/uploads\/2021\/02\/marina-torre-a-mare.jpg","contentUrl":"https:\/\/www.vieste.it\/tour\/wp-content\/uploads\/2021\/02\/marina-torre-a-mare.jpg","width":1200,"height":498},{"@type":"BreadcrumbList","@id":"https:\/\/www.vieste.it\/tour\/le-spiagge-piu-belle-della-puglia-riviera-dei-trulli\/#breadcrumb","itemListElement":[{"@type":"ListItem","position":1,"name":"Home","item":"https:\/\/www.vieste.it\/tour\/"},{"@type":"ListItem","position":2,"name":"Le spiagge pi\u00f9 belle della Puglia: Riviera dei Trulli"}]},{"@type":"WebSite","@id":"https:\/\/www.vieste.it\/tour\/#website","url":"https:\/\/www.vieste.it\/tour\/","name":"Vieste e dintorni","description":"","publisher":{"@id":"https:\/\/www.vieste.it\/tour\/#organization"},"potentialAction":[{"@type":"SearchAction","target":{"@type":"EntryPoint","urlTemplate":"https:\/\/www.vieste.it\/tour\/?s={search_term_string}"},"query-input":{"@type":"PropertyValueSpecification","valueRequired":true,"valueName":"search_term_string"}}],"inLanguage":"it-IT"},{"@type":"Organization","@id":"https:\/\/www.vieste.it\/tour\/#organization","name":"Vieste.it","url":"https:\/\/www.vieste.it\/tour\/","logo":{"@type":"ImageObject","inLanguage":"it-IT","@id":"https:\/\/www.vieste.it\/tour\/#\/schema\/logo\/image\/","url":"https:\/\/www.vieste.it\/tour\/wp-content\/uploads\/2020\/11\/logoviesteit.png","contentUrl":"https:\/\/www.vieste.it\/tour\/wp-content\/uploads\/2020\/11\/logoviesteit.png","width":170,"height":75,"caption":"Vieste.it"},"image":{"@id":"https:\/\/www.vieste.it\/tour\/#\/schema\/logo\/image\/"}}]}},"_links":{"self":[{"href":"https:\/\/www.vieste.it\/tour\/wp-json\/wp\/v2\/pages\/780","targetHints":{"allow":["GET"]}}],"collection":[{"href":"https:\/\/www.vieste.it\/tour\/wp-json\/wp\/v2\/pages"}],"about":[{"href":"https:\/\/www.vieste.it\/tour\/wp-json\/wp\/v2\/types\/page"}],"author":[{"embeddable":true,"href":"https:\/\/www.vieste.it\/tour\/wp-json\/wp\/v2\/users\/1"}],"replies":[{"embeddable":true,"href":"https:\/\/www.vieste.it\/tour\/wp-json\/wp\/v2\/comments?post=780"}],"version-history":[{"count":33,"href":"https:\/\/www.vieste.it\/tour\/wp-json\/wp\/v2\/pages\/780\/revisions"}],"predecessor-version":[{"id":2035,"href":"https:\/\/www.vieste.it\/tour\/wp-json\/wp\/v2\/pages\/780\/revisions\/2035"}],"wp:attachment":[{"href":"https:\/\/www.vieste.it\/tour\/wp-json\/wp\/v2\/media?parent=780"}],"curies":[{"name":"wp","href":"https:\/\/api.w.org\/{rel}","templated":true}]}}