{"id":1881,"date":"2022-07-16T11:48:28","date_gmt":"2022-07-16T09:48:28","guid":{"rendered":"https:\/\/www.vieste.it\/tour\/?page_id=1881"},"modified":"2022-07-17T10:00:06","modified_gmt":"2022-07-17T08:00:06","slug":"alta-murgia-cosa-vedere","status":"publish","type":"page","link":"https:\/\/www.vieste.it\/tour\/alta-murgia-cosa-vedere\/","title":{"rendered":"Alta Murgia: cosa vedere e fare"},"content":{"rendered":"<p><img loading=\"lazy\" decoding=\"async\" class=\"aligncenter wp-image-1886\" src=\"https:\/\/www.vieste.it\/tour\/wp-content\/uploads\/2022\/07\/paesaggio-alta-murgia-300x200.jpg\" alt=\"Da vedere il tipico paesaggio dell'Alta Murgia\" width=\"872\" height=\"581\" srcset=\"https:\/\/www.vieste.it\/tour\/wp-content\/uploads\/2022\/07\/paesaggio-alta-murgia-300x200.jpg 300w, https:\/\/www.vieste.it\/tour\/wp-content\/uploads\/2022\/07\/paesaggio-alta-murgia-1024x683.jpg 1024w, https:\/\/www.vieste.it\/tour\/wp-content\/uploads\/2022\/07\/paesaggio-alta-murgia-768x512.jpg 768w, https:\/\/www.vieste.it\/tour\/wp-content\/uploads\/2022\/07\/paesaggio-alta-murgia.jpg 1200w\" sizes=\"auto, (max-width: 872px) 100vw, 872px\" \/><\/p>\n<p>Com&#8217;\u00e8 selvaggia e bella l&#8217; <strong>Alta Murgia<\/strong>, mentre percorri la SP238 ex SS378,\u00a0 guardala nella sua infinita estensione tante le cose da vedere e da fare in questo territorio ricco di storia.\u00a0 E pensare che \u00e8 stata salvata dalla gente del posto, perch\u00e9 rischiava di finire nelle mani dei militari che volevano farci poligoni e servit\u00f9 militari.<\/p>\n<p>A differenza della regione pi\u00f9 meridionale della <a href=\"https:\/\/www.vieste.it\/puglia\/\">Puglia<\/a>, influenzata dalla cultura greca, la provincia di Bari rappresent\u00f2 il fulcro del dominio normanno e svevo.<\/p>\n<h2>Le cose da vedere e fare nell&#8217; Alta Murgia<\/h2>\n<p>Due dinastie costruirono in queste zone fortezze materiali e spirituali contro l&#8217;eresia orientale, e oggi costituiscono le principali attrazioni della regione dell&#8217;Alta Murgia: <strong>enormi castelli<\/strong> e <strong>imponenti cattedrali<\/strong>.<br \/>\nTrovali e visitali, osserva ogni decorazione esterna, esplora l&#8217;interno e immergiti in un tour intellettuale in una delle regioni pi\u00f9 belle della Puglia.<br \/>\nCerto, merita una menzione <a href=\"https:\/\/www.vieste.it\/tour\/castel-del-monte\/\"><strong>Castel del Monte<\/strong><\/a>, in piedi su una collina solitaria e testimone per sempre del potere assoluto dell&#8217; Imperatore Federico II, creativo e fantasioso ma ancora intriso di enigmi e misteri.<\/p>\n<p>Detto questo, non possiamo dimenticare che le province di Bari e Barletta-Andrea-Trani si trovano all&#8217;interno nel <strong><a href=\"https:\/\/www.parcoaltamurgia.it\/\">Parco Nazionale dell&#8217;Alta Murgia<\/a><\/strong>, parco rurale creato nel 2004 a tutela della parte nord-occidentale dell&#8217;Altopiano Murgese e delle sue bellezze naturali: un paesaggio selvaggio e rupestre con numerose tracce di culture agropastorali (jazz, piscine, masserie e altre testimonianze architettoniche manufatti).<\/p>\n<p>A chi volesse fare un trekking nel parco dell&#8217;Alta Murgia suggeriamo di mettersi nelle mani di chi il territorio lo conosce meglio delle sue tasche, ovvero i giovani dell\u2019associazione <a href=\"https:\/\/www.4cyclingandtrek.com\/cat\/prossime-attivita\/\"><strong>CicloMurgia<\/strong><\/a>,\u00a0 che propongono itinerari per tutti i gusti e per tutte le esigenze. Un gruppo di appassionate guide turistiche ambientali che sono pi\u00f9 che semplici accompagnatori, collegati ad alcune aziende agricole autentiche e selezionate,\u00a0 proprietarie di prodotti propri, pulite e rispettose dell&#8217;ambiente, per scoprire i sapori autentici del territorio.<\/p>\n<p>Che tu sia a Trani, Andria, Altamura o Minervino Murge,\u00a0 sei gi\u00e0 nel Parco dell&#8217; Alta Murgia: dolci pendii che diventano verdi in primavera e dorati in estate, spighe, aree prative ricoperte di erbe spontanee, antiche fattorie, castelli federiciani, querceti e conifere.<\/p>\n<p>I<strong> comuni\u00a0 dell&#8217;Alta Murgia<\/strong> sono:\u00a0 Andria, Canosa di Puglia, Minervino Murge e dintorni, Ruvo di Puglia, Altamura e Gravina in Puglia.<\/p>\n","protected":false},"excerpt":{"rendered":"<p>Com&#8217;\u00e8 selvaggia e bella l&#8217; Alta Murgia, mentre percorri la SP238 ex SS378,\u00a0 guardala nella sua infinita estensione tante le cose da vedere e da fare in questo territorio ricco di storia.\u00a0 E pensare che \u00e8 stata salvata dalla gente del posto, perch\u00e9 rischiava di finire nelle mani dei militari che volevano farci poligoni e &hellip;<\/p>\n<p class=\"read-more\"> <a class=\"\" href=\"https:\/\/www.vieste.it\/tour\/alta-murgia-cosa-vedere\/\"> <span class=\"screen-reader-text\">Alta Murgia: cosa vedere e fare<\/span> Leggi altro &raquo;<\/a><\/p>\n","protected":false},"author":1,"featured_media":0,"parent":0,"menu_order":0,"comment_status":"closed","ping_status":"closed","template":"","meta":{"site-sidebar-layout":"default","site-content-layout":"default","ast-main-header-display":"","ast-hfb-above-header-display":"","ast-hfb-below-header-display":"","ast-hfb-mobile-header-display":"","site-post-title":"","ast-breadcrumbs-content":"","ast-featured-img":"","footer-sml-layout":"","theme-transparent-header-meta":"default","adv-header-id-meta":"","stick-header-meta":"","header-above-stick-meta":"","header-main-stick-meta":"","header-below-stick-meta":"","footnotes":""},"class_list":["post-1881","page","type-page","status-publish","hentry"],"yoast_head":"<!-- This site is optimized with the Yoast SEO plugin v26.6 - https:\/\/yoast.com\/wordpress\/plugins\/seo\/ -->\n<title>Alta Murgia: cosa vedere e fare - Vieste e dintorni<\/title>\n<meta name=\"description\" content=\"Enormi castelli e imponenti cattedrali tra le cose da vedere nel Parco Nazionale dell&#039;Alta Murgia oltre alle escursioni di trekking.\" \/>\n<meta name=\"robots\" content=\"index, follow, max-snippet:-1, max-image-preview:large, max-video-preview:-1\" \/>\n<link rel=\"canonical\" href=\"https:\/\/www.vieste.it\/tour\/alta-murgia-cosa-vedere\/\" \/>\n<meta property=\"og:locale\" content=\"it_IT\" \/>\n<meta property=\"og:type\" content=\"article\" \/>\n<meta property=\"og:title\" content=\"Alta Murgia: cosa vedere e fare - Vieste e dintorni\" \/>\n<meta property=\"og:description\" content=\"Enormi castelli e imponenti cattedrali tra le cose da vedere nel Parco Nazionale dell&#039;Alta Murgia oltre alle escursioni di trekking.\" \/>\n<meta property=\"og:url\" content=\"https:\/\/www.vieste.it\/tour\/alta-murgia-cosa-vedere\/\" \/>\n<meta property=\"og:site_name\" content=\"Vieste e dintorni\" \/>\n<meta property=\"article:modified_time\" content=\"2022-07-17T08:00:06+00:00\" \/>\n<meta property=\"og:image\" content=\"https:\/\/www.vieste.it\/tour\/wp-content\/uploads\/2022\/07\/paesaggio-alta-murgia-300x200.jpg\" \/>\n<meta name=\"twitter:card\" content=\"summary_large_image\" \/>\n<meta name=\"twitter:label1\" content=\"Tempo di lettura stimato\" \/>\n\t<meta name=\"twitter:data1\" content=\"2 minuti\" \/>\n<script type=\"application\/ld+json\" class=\"yoast-schema-graph\">{\"@context\":\"https:\/\/schema.org\",\"@graph\":[{\"@type\":\"WebPage\",\"@id\":\"https:\/\/www.vieste.it\/tour\/alta-murgia-cosa-vedere\/\",\"url\":\"https:\/\/www.vieste.it\/tour\/alta-murgia-cosa-vedere\/\",\"name\":\"Alta Murgia: cosa vedere e fare - Vieste e dintorni\",\"isPartOf\":{\"@id\":\"https:\/\/www.vieste.it\/tour\/#website\"},\"primaryImageOfPage\":{\"@id\":\"https:\/\/www.vieste.it\/tour\/alta-murgia-cosa-vedere\/#primaryimage\"},\"image\":{\"@id\":\"https:\/\/www.vieste.it\/tour\/alta-murgia-cosa-vedere\/#primaryimage\"},\"thumbnailUrl\":\"https:\/\/www.vieste.it\/tour\/wp-content\/uploads\/2022\/07\/paesaggio-alta-murgia-300x200.jpg\",\"datePublished\":\"2022-07-16T09:48:28+00:00\",\"dateModified\":\"2022-07-17T08:00:06+00:00\",\"description\":\"Enormi castelli e imponenti cattedrali tra le cose da vedere nel Parco Nazionale dell'Alta Murgia oltre alle escursioni di trekking.\",\"breadcrumb\":{\"@id\":\"https:\/\/www.vieste.it\/tour\/alta-murgia-cosa-vedere\/#breadcrumb\"},\"inLanguage\":\"it-IT\",\"potentialAction\":[{\"@type\":\"ReadAction\",\"target\":[\"https:\/\/www.vieste.it\/tour\/alta-murgia-cosa-vedere\/\"]}]},{\"@type\":\"ImageObject\",\"inLanguage\":\"it-IT\",\"@id\":\"https:\/\/www.vieste.it\/tour\/alta-murgia-cosa-vedere\/#primaryimage\",\"url\":\"https:\/\/www.vieste.it\/tour\/wp-content\/uploads\/2022\/07\/paesaggio-alta-murgia.jpg\",\"contentUrl\":\"https:\/\/www.vieste.it\/tour\/wp-content\/uploads\/2022\/07\/paesaggio-alta-murgia.jpg\",\"width\":1200,\"height\":800},{\"@type\":\"BreadcrumbList\",\"@id\":\"https:\/\/www.vieste.it\/tour\/alta-murgia-cosa-vedere\/#breadcrumb\",\"itemListElement\":[{\"@type\":\"ListItem\",\"position\":1,\"name\":\"Home\",\"item\":\"https:\/\/www.vieste.it\/tour\/\"},{\"@type\":\"ListItem\",\"position\":2,\"name\":\"Alta Murgia: cosa vedere e fare\"}]},{\"@type\":\"WebSite\",\"@id\":\"https:\/\/www.vieste.it\/tour\/#website\",\"url\":\"https:\/\/www.vieste.it\/tour\/\",\"name\":\"Vieste e dintorni\",\"description\":\"\",\"publisher\":{\"@id\":\"https:\/\/www.vieste.it\/tour\/#organization\"},\"potentialAction\":[{\"@type\":\"SearchAction\",\"target\":{\"@type\":\"EntryPoint\",\"urlTemplate\":\"https:\/\/www.vieste.it\/tour\/?s={search_term_string}\"},\"query-input\":{\"@type\":\"PropertyValueSpecification\",\"valueRequired\":true,\"valueName\":\"search_term_string\"}}],\"inLanguage\":\"it-IT\"},{\"@type\":\"Organization\",\"@id\":\"https:\/\/www.vieste.it\/tour\/#organization\",\"name\":\"Vieste.it\",\"url\":\"https:\/\/www.vieste.it\/tour\/\",\"logo\":{\"@type\":\"ImageObject\",\"inLanguage\":\"it-IT\",\"@id\":\"https:\/\/www.vieste.it\/tour\/#\/schema\/logo\/image\/\",\"url\":\"https:\/\/www.vieste.it\/tour\/wp-content\/uploads\/2020\/11\/logoviesteit.png\",\"contentUrl\":\"https:\/\/www.vieste.it\/tour\/wp-content\/uploads\/2020\/11\/logoviesteit.png\",\"width\":170,\"height\":75,\"caption\":\"Vieste.it\"},\"image\":{\"@id\":\"https:\/\/www.vieste.it\/tour\/#\/schema\/logo\/image\/\"}}]}<\/script>\n<!-- \/ Yoast SEO plugin. -->","yoast_head_json":{"title":"Alta Murgia: cosa vedere e fare - Vieste e dintorni","description":"Enormi castelli e imponenti cattedrali tra le cose da vedere nel Parco Nazionale dell'Alta Murgia oltre alle escursioni di trekking.","robots":{"index":"index","follow":"follow","max-snippet":"max-snippet:-1","max-image-preview":"max-image-preview:large","max-video-preview":"max-video-preview:-1"},"canonical":"https:\/\/www.vieste.it\/tour\/alta-murgia-cosa-vedere\/","og_locale":"it_IT","og_type":"article","og_title":"Alta Murgia: cosa vedere e fare - Vieste e dintorni","og_description":"Enormi castelli e imponenti cattedrali tra le cose da vedere nel Parco Nazionale dell'Alta Murgia oltre alle escursioni di trekking.","og_url":"https:\/\/www.vieste.it\/tour\/alta-murgia-cosa-vedere\/","og_site_name":"Vieste e dintorni","article_modified_time":"2022-07-17T08:00:06+00:00","og_image":[{"url":"https:\/\/www.vieste.it\/tour\/wp-content\/uploads\/2022\/07\/paesaggio-alta-murgia-300x200.jpg","type":"","width":"","height":""}],"twitter_card":"summary_large_image","twitter_misc":{"Tempo di lettura stimato":"2 minuti"},"schema":{"@context":"https:\/\/schema.org","@graph":[{"@type":"WebPage","@id":"https:\/\/www.vieste.it\/tour\/alta-murgia-cosa-vedere\/","url":"https:\/\/www.vieste.it\/tour\/alta-murgia-cosa-vedere\/","name":"Alta Murgia: cosa vedere e fare - Vieste e dintorni","isPartOf":{"@id":"https:\/\/www.vieste.it\/tour\/#website"},"primaryImageOfPage":{"@id":"https:\/\/www.vieste.it\/tour\/alta-murgia-cosa-vedere\/#primaryimage"},"image":{"@id":"https:\/\/www.vieste.it\/tour\/alta-murgia-cosa-vedere\/#primaryimage"},"thumbnailUrl":"https:\/\/www.vieste.it\/tour\/wp-content\/uploads\/2022\/07\/paesaggio-alta-murgia-300x200.jpg","datePublished":"2022-07-16T09:48:28+00:00","dateModified":"2022-07-17T08:00:06+00:00","description":"Enormi castelli e imponenti cattedrali tra le cose da vedere nel Parco Nazionale dell'Alta Murgia oltre alle escursioni di trekking.","breadcrumb":{"@id":"https:\/\/www.vieste.it\/tour\/alta-murgia-cosa-vedere\/#breadcrumb"},"inLanguage":"it-IT","potentialAction":[{"@type":"ReadAction","target":["https:\/\/www.vieste.it\/tour\/alta-murgia-cosa-vedere\/"]}]},{"@type":"ImageObject","inLanguage":"it-IT","@id":"https:\/\/www.vieste.it\/tour\/alta-murgia-cosa-vedere\/#primaryimage","url":"https:\/\/www.vieste.it\/tour\/wp-content\/uploads\/2022\/07\/paesaggio-alta-murgia.jpg","contentUrl":"https:\/\/www.vieste.it\/tour\/wp-content\/uploads\/2022\/07\/paesaggio-alta-murgia.jpg","width":1200,"height":800},{"@type":"BreadcrumbList","@id":"https:\/\/www.vieste.it\/tour\/alta-murgia-cosa-vedere\/#breadcrumb","itemListElement":[{"@type":"ListItem","position":1,"name":"Home","item":"https:\/\/www.vieste.it\/tour\/"},{"@type":"ListItem","position":2,"name":"Alta Murgia: cosa vedere e fare"}]},{"@type":"WebSite","@id":"https:\/\/www.vieste.it\/tour\/#website","url":"https:\/\/www.vieste.it\/tour\/","name":"Vieste e dintorni","description":"","publisher":{"@id":"https:\/\/www.vieste.it\/tour\/#organization"},"potentialAction":[{"@type":"SearchAction","target":{"@type":"EntryPoint","urlTemplate":"https:\/\/www.vieste.it\/tour\/?s={search_term_string}"},"query-input":{"@type":"PropertyValueSpecification","valueRequired":true,"valueName":"search_term_string"}}],"inLanguage":"it-IT"},{"@type":"Organization","@id":"https:\/\/www.vieste.it\/tour\/#organization","name":"Vieste.it","url":"https:\/\/www.vieste.it\/tour\/","logo":{"@type":"ImageObject","inLanguage":"it-IT","@id":"https:\/\/www.vieste.it\/tour\/#\/schema\/logo\/image\/","url":"https:\/\/www.vieste.it\/tour\/wp-content\/uploads\/2020\/11\/logoviesteit.png","contentUrl":"https:\/\/www.vieste.it\/tour\/wp-content\/uploads\/2020\/11\/logoviesteit.png","width":170,"height":75,"caption":"Vieste.it"},"image":{"@id":"https:\/\/www.vieste.it\/tour\/#\/schema\/logo\/image\/"}}]}},"_links":{"self":[{"href":"https:\/\/www.vieste.it\/tour\/wp-json\/wp\/v2\/pages\/1881","targetHints":{"allow":["GET"]}}],"collection":[{"href":"https:\/\/www.vieste.it\/tour\/wp-json\/wp\/v2\/pages"}],"about":[{"href":"https:\/\/www.vieste.it\/tour\/wp-json\/wp\/v2\/types\/page"}],"author":[{"embeddable":true,"href":"https:\/\/www.vieste.it\/tour\/wp-json\/wp\/v2\/users\/1"}],"replies":[{"embeddable":true,"href":"https:\/\/www.vieste.it\/tour\/wp-json\/wp\/v2\/comments?post=1881"}],"version-history":[{"count":5,"href":"https:\/\/www.vieste.it\/tour\/wp-json\/wp\/v2\/pages\/1881\/revisions"}],"predecessor-version":[{"id":1898,"href":"https:\/\/www.vieste.it\/tour\/wp-json\/wp\/v2\/pages\/1881\/revisions\/1898"}],"wp:attachment":[{"href":"https:\/\/www.vieste.it\/tour\/wp-json\/wp\/v2\/media?parent=1881"}],"curies":[{"name":"wp","href":"https:\/\/api.w.org\/{rel}","templated":true}]}}