{"id":1779,"date":"2022-07-07T09:55:56","date_gmt":"2022-07-07T07:55:56","guid":{"rendered":"https:\/\/www.vieste.it\/tour\/?page_id=1779"},"modified":"2022-11-20T12:03:00","modified_gmt":"2022-11-20T11:03:00","slug":"costa-sud-bari","status":"publish","type":"page","link":"https:\/\/www.vieste.it\/tour\/costa-sud-bari\/","title":{"rendered":"La Costa a sud di Bari in due giorni"},"content":{"rendered":"<p>&nbsp;<\/p>\n<p>&nbsp;<\/p>\n<p><img loading=\"lazy\" decoding=\"async\" class=\"aligncenter wp-image-1780\" src=\"https:\/\/www.vieste.it\/tour\/wp-content\/uploads\/2022\/07\/mola-di-bari-300x203.jpg\" alt=\"Mola di Bari vista dal mare \" width=\"954\" height=\"645\" srcset=\"https:\/\/www.vieste.it\/tour\/wp-content\/uploads\/2022\/07\/mola-di-bari-300x203.jpg 300w, https:\/\/www.vieste.it\/tour\/wp-content\/uploads\/2022\/07\/mola-di-bari-768x520.jpg 768w, https:\/\/www.vieste.it\/tour\/wp-content\/uploads\/2022\/07\/mola-di-bari.jpg 1200w\" sizes=\"auto, (max-width: 954px) 100vw, 954px\" \/><\/p>\n<p>Questo secondo\u00a0 giro, dedicato alla zona <strong>sud d\u00ec Bari<\/strong> e orientale della <strong>Terra di Bari,<\/strong> inizia, con una puntata lungo la costa adriatica, dove si susseguono, sulla costa, fra rigogliose fasce di orti, d\u00ec viti e d\u00ec oliveti, pittoreschi centri marinari.<\/p>\n<p>Superato <strong>TORRE A MARE<\/strong>, graziosa localit\u00e0 balneare con una bella spiaggia sabbiosa in prossimit\u00e0 d\u00ec rocce perforate da grotte, si\u00a0 giunge\u00a0 alla cittadina d\u00ec \u00a0 <strong>MOLA DI BARI<\/strong>.\u00a0 Formata da una parte moderna (estesa in pianura), in cui si apre la vasta Piazza Roma, con la monumentale\u00a0 <strong>Fontana dei Caduti<\/strong>;\u00a0 e da una parte medioevale, addossata su un promontorio.<\/p>\n<p>La cittadina \u00e8 dotata di un vivace porto peschereccio (assai frequentato al tempo delle Crociate),\u00a0 di un vecchio <strong>Castello Angioino<\/strong>, del 1278, e di un&#8217;elegante <strong>Cattedrale<\/strong> del duecento,\u00a0 in origine di stile romanico, rifatta. poi, in belle forme rinascimentali.<\/p>\n<p>Sulla costa rocciosa, pi\u00f9 avanti si trova l&#8217;antica <strong>ex Abbazia di San Vito<\/strong> incorporata in un semplice palazzo simile ad una fortezza, con una torre di vedetta contro le incursioni saracene.<\/p>\n<h2>La costa a sud di Bari verso Polignano a Mare\u00a0 e Monopoli<\/h2>\n<div id=\"Polignano-a-mare\">\n<h3>In vacanza cosa vedere a Polignano a mare<\/h3>\n<p>Si \u00e8 in vista, quindi,\u00a0 dell&#8217;alta e frastagliata scogliera a picco, dalla quale si ergono le bianche case di\u00a0 <strong>POLIGNANO A MARE.<\/strong> La caratteristica cittadina sorta sul luogo dell antica citt\u00e0 greca di Neapolis, che ricorda un po&#8217;\u00a0 <a href=\"https:\/\/www.vieste.it\/\"><strong>Vieste<\/strong><\/a> del Gargano.<\/p>\n<p>Nella Piazza Vittorio Emanuele sorge la bella<strong> Chiesa Matrice<\/strong> (sec XIII) eretta originariamente in forme romanico-gotiche, ma successivamente pi\u00f9 volte rifatta,\u00a0 interessante \u00e8 pure la<strong> Chiesa di Sant&#8217;Antonio<\/strong>, che conserva un bellissimo coro ligneo veneziano.<\/p>\n<p>Polignano attrae i turisti con le sue numerose ed interessanti grotte marine che si aprono nelle sue rocce a strapiombo.<\/p>\n<div class='content-column two_third'><div style=\"padding-right:10px;\"><h4>Le grotte marine di Polignano a Mare<\/h4>\n<p>Il mare, che si frange a volte con morbidi fiocchi di spuma ai piedi delle rocce, ed a volte furiosamente, penetra, invece, tranquillo e con meravigliose trasparenze di smeraldo nelle oscure cavit\u00e0 di queste grotte addentrandosi, in qualcuna di esse, per decine di metri.<\/p>\n<p>La <strong>Grotta Palazzese<\/strong> che \u00e8 la pi\u00f9 bella e la pi\u00f9 nota per le sue intense colorazioni verdi-azzurre,\u00a0 s&#8217;interna sotto un&#8217;alta rupe coronata da una terrazza ed \u00e8 formata da due cavit\u00e0 di 30 metri di diametro che comunicano fra loro mediante un arco naturale.<\/p>\n<p>Altre interessanti grotte sono: quelle dei <strong>Colombi<\/strong>, della <strong>Colonna<\/strong>, <strong>della Foca<\/strong> e,\u00a0 nei dintorni di Polignano, quelle dei <strong>Ladroni<\/strong> e del <strong>Guardiano<\/strong> che hanno rivelato tracce di vita preistorica.<\/p>\n<\/div><\/div><\/div>\n<div class='content-column one_third last_column'><div style=\"\"><img loading=\"lazy\" decoding=\"async\" class=\"wp-image-1781 aligncenter\" src=\"https:\/\/www.vieste.it\/tour\/wp-content\/uploads\/2022\/07\/polignano-a-mare-300x206.jpg\" alt=\"\" width=\"400\" height=\"275\" srcset=\"https:\/\/www.vieste.it\/tour\/wp-content\/uploads\/2022\/07\/polignano-a-mare-300x206.jpg 300w, https:\/\/www.vieste.it\/tour\/wp-content\/uploads\/2022\/07\/polignano-a-mare-1024x703.jpg 1024w, https:\/\/www.vieste.it\/tour\/wp-content\/uploads\/2022\/07\/polignano-a-mare-768x527.jpg 768w, https:\/\/www.vieste.it\/tour\/wp-content\/uploads\/2022\/07\/polignano-a-mare.jpg 1200w\" sizes=\"auto, (max-width: 400px) 100vw, 400px\" \/><\/p>\n<p><strong>Polignano a Mare<\/strong> a picco sulla costa frastagliata a sud di Bari<\/p><\/div><\/div><div class='clear_column'><\/div>\n<p><img loading=\"lazy\" decoding=\"async\" class=\"aligncenter wp-image-1790\" src=\"https:\/\/www.vieste.it\/tour\/wp-content\/uploads\/2022\/07\/monopoli-300x165.jpg\" alt=\"Monopoli: ultima citt\u00e0 di mare sulla costa di Bari\" width=\"951\" height=\"523\" srcset=\"https:\/\/www.vieste.it\/tour\/wp-content\/uploads\/2022\/07\/monopoli-300x165.jpg 300w, https:\/\/www.vieste.it\/tour\/wp-content\/uploads\/2022\/07\/monopoli-768x421.jpg 768w\" sizes=\"auto, (max-width: 951px) 100vw, 951px\" \/><\/p>\n<div id=\"Monopoli\">\n<h3>Cosa visitare a Monopoli durante la vacanza<\/h3>\n<p>L&#8217;ultimo centro sul litorale di Bari \u00e8\u00a0 <strong>MONOPOLI<\/strong> , cittadina attiva,\u00a0 composta da un&#8217;estesa parte nuova e da un nucleo medioevale che recinge un vivace porto peschereccio. Monopoli, di origine apula,\u00a0 fu fondata dopo la distruzione di Egnazia, antica citt\u00e0 a circa 10 chilometri verso Brindisi, ebbe importanza marinara specialmente sotto i Bizantini e ai tempi delle Crociate.<\/p>\n<p>Il suo <strong>castello<\/strong> in riva al mare, eretto da <strong>Federico II<\/strong> e poi fortificato dagli Angioini, fu per secoli una valida difesa contro le feroci scorrerie dei Turchi.<\/p>\n<h4>Nel nucleo medioevale, addensato sul mare, sorgono interessanti chiese<\/h4>\n<p><strong>La Cattedrale<\/strong> che, fondata nel secolo XII e rifatta nel Settecento in forme barocche (\u00e8 una delle pi\u00f9 notevoli chiese barocche della regione), custodisce una Madonna bizantina, del 1280 circa, e altri pregevoli dipinti di noti pittori.<\/p>\n<ul>\n<li><strong> La Chiesa di Santa Maria Amalfitana<\/strong> eretta, all&#8217;inizio del sec. XII, da una colonia di Amalfitani sopra una laura basiliana che divenne in seguito la cripta del tempio stesso;<\/li>\n<li><strong> La Chiesa di San Domenico<\/strong>, dall&#8217;elegante facciata rinascimentale;<\/li>\n<li><strong>Le chiese del Purgatorio<\/strong> e di <strong>Sant&#8217;Angelo<\/strong> e altre ancora, ciascuna con notevoli opere d&#8217;arte.<\/li>\n<\/ul>\n<p>Nei dintorni della citt\u00e0, in parte sul mare e in parte nelle gole carsiche sono presenti varie grotte, fra cui quella marina della <strong>Grotta delle Mura<\/strong>, entro la quale sono stati rinvenuti\u00a0 ossa di animali antidiluviani e oggetti lavorati dall&#8217;uomo nella pi\u00f9 remota Et\u00e0 della pietra.<\/p>\n<p>A poco pi\u00f9 di 3 chilometri a sud-est,\u00a0 presso il mare,\u00a0 \u00e8 presente\u00a0 l&#8217; <strong>ex Abbazia benedettina di Santo Stefano<\/strong>, del 1088, ancora cinta da fossati, con la chiesa che conserva i resti di un protiro e di un bel portale.<\/p>\n<\/div>\n","protected":false},"excerpt":{"rendered":"<p>&nbsp; &nbsp; Questo secondo\u00a0 giro, dedicato alla zona sud d\u00ec Bari e orientale della Terra di Bari, inizia, con una puntata lungo la costa adriatica, dove si susseguono, sulla costa, fra rigogliose fasce di orti, d\u00ec viti e d\u00ec oliveti, pittoreschi centri marinari. Superato TORRE A MARE, graziosa localit\u00e0 balneare con una bella spiaggia sabbiosa &hellip;<\/p>\n<p class=\"read-more\"> <a class=\"\" href=\"https:\/\/www.vieste.it\/tour\/costa-sud-bari\/\"> <span class=\"screen-reader-text\">La Costa a sud di Bari in due giorni<\/span> Leggi altro &raquo;<\/a><\/p>\n","protected":false},"author":1,"featured_media":0,"parent":0,"menu_order":0,"comment_status":"closed","ping_status":"closed","template":"","meta":{"site-sidebar-layout":"default","site-content-layout":"default","ast-main-header-display":"","ast-hfb-above-header-display":"","ast-hfb-below-header-display":"","ast-hfb-mobile-header-display":"","site-post-title":"","ast-breadcrumbs-content":"","ast-featured-img":"","footer-sml-layout":"","theme-transparent-header-meta":"default","adv-header-id-meta":"","stick-header-meta":"","header-above-stick-meta":"","header-main-stick-meta":"","header-below-stick-meta":"","footnotes":""},"class_list":["post-1779","page","type-page","status-publish","hentry"],"yoast_head":"<!-- This site is optimized with the Yoast SEO plugin v26.6 - https:\/\/yoast.com\/wordpress\/plugins\/seo\/ -->\n<title>La Costa a sud di Bari in due giorni - Vieste e dintorni<\/title>\n<meta name=\"description\" content=\"Un giro sulla costa a Sud della Terra di Bari attraversando localit\u00e0 come Mola di Bari, Polignano a Mare e Monopoli tutte affacciate sul mare.\" \/>\n<meta name=\"robots\" content=\"index, follow, max-snippet:-1, max-image-preview:large, max-video-preview:-1\" \/>\n<link rel=\"canonical\" href=\"https:\/\/www.vieste.it\/tour\/costa-sud-bari\/\" \/>\n<meta property=\"og:locale\" content=\"it_IT\" \/>\n<meta property=\"og:type\" content=\"article\" \/>\n<meta property=\"og:title\" content=\"La Costa a sud di Bari in due giorni - Vieste e dintorni\" \/>\n<meta property=\"og:description\" content=\"Un giro sulla costa a Sud della Terra di Bari attraversando localit\u00e0 come Mola di Bari, Polignano a Mare e Monopoli tutte affacciate sul mare.\" \/>\n<meta property=\"og:url\" content=\"https:\/\/www.vieste.it\/tour\/costa-sud-bari\/\" \/>\n<meta property=\"og:site_name\" content=\"Vieste e dintorni\" \/>\n<meta property=\"article:modified_time\" content=\"2022-11-20T11:03:00+00:00\" \/>\n<meta property=\"og:image\" content=\"https:\/\/www.vieste.it\/tour\/wp-content\/uploads\/2022\/07\/mola-di-bari-300x203.jpg\" \/>\n<meta name=\"twitter:card\" content=\"summary_large_image\" \/>\n<meta name=\"twitter:label1\" content=\"Tempo di lettura stimato\" \/>\n\t<meta name=\"twitter:data1\" content=\"4 minuti\" \/>\n<script type=\"application\/ld+json\" class=\"yoast-schema-graph\">{\"@context\":\"https:\/\/schema.org\",\"@graph\":[{\"@type\":\"WebPage\",\"@id\":\"https:\/\/www.vieste.it\/tour\/costa-sud-bari\/\",\"url\":\"https:\/\/www.vieste.it\/tour\/costa-sud-bari\/\",\"name\":\"La Costa a sud di Bari in due giorni - Vieste e dintorni\",\"isPartOf\":{\"@id\":\"https:\/\/www.vieste.it\/tour\/#website\"},\"primaryImageOfPage\":{\"@id\":\"https:\/\/www.vieste.it\/tour\/costa-sud-bari\/#primaryimage\"},\"image\":{\"@id\":\"https:\/\/www.vieste.it\/tour\/costa-sud-bari\/#primaryimage\"},\"thumbnailUrl\":\"https:\/\/www.vieste.it\/tour\/wp-content\/uploads\/2022\/07\/mola-di-bari-300x203.jpg\",\"datePublished\":\"2022-07-07T07:55:56+00:00\",\"dateModified\":\"2022-11-20T11:03:00+00:00\",\"description\":\"Un giro sulla costa a Sud della Terra di Bari attraversando localit\u00e0 come Mola di Bari, Polignano a Mare e Monopoli tutte affacciate sul mare.\",\"breadcrumb\":{\"@id\":\"https:\/\/www.vieste.it\/tour\/costa-sud-bari\/#breadcrumb\"},\"inLanguage\":\"it-IT\",\"potentialAction\":[{\"@type\":\"ReadAction\",\"target\":[\"https:\/\/www.vieste.it\/tour\/costa-sud-bari\/\"]}]},{\"@type\":\"ImageObject\",\"inLanguage\":\"it-IT\",\"@id\":\"https:\/\/www.vieste.it\/tour\/costa-sud-bari\/#primaryimage\",\"url\":\"https:\/\/www.vieste.it\/tour\/wp-content\/uploads\/2022\/07\/mola-di-bari.jpg\",\"contentUrl\":\"https:\/\/www.vieste.it\/tour\/wp-content\/uploads\/2022\/07\/mola-di-bari.jpg\",\"width\":1200,\"height\":813},{\"@type\":\"BreadcrumbList\",\"@id\":\"https:\/\/www.vieste.it\/tour\/costa-sud-bari\/#breadcrumb\",\"itemListElement\":[{\"@type\":\"ListItem\",\"position\":1,\"name\":\"Home\",\"item\":\"https:\/\/www.vieste.it\/tour\/\"},{\"@type\":\"ListItem\",\"position\":2,\"name\":\"La Costa a sud di Bari in due giorni\"}]},{\"@type\":\"WebSite\",\"@id\":\"https:\/\/www.vieste.it\/tour\/#website\",\"url\":\"https:\/\/www.vieste.it\/tour\/\",\"name\":\"Vieste e dintorni\",\"description\":\"\",\"publisher\":{\"@id\":\"https:\/\/www.vieste.it\/tour\/#organization\"},\"potentialAction\":[{\"@type\":\"SearchAction\",\"target\":{\"@type\":\"EntryPoint\",\"urlTemplate\":\"https:\/\/www.vieste.it\/tour\/?s={search_term_string}\"},\"query-input\":{\"@type\":\"PropertyValueSpecification\",\"valueRequired\":true,\"valueName\":\"search_term_string\"}}],\"inLanguage\":\"it-IT\"},{\"@type\":\"Organization\",\"@id\":\"https:\/\/www.vieste.it\/tour\/#organization\",\"name\":\"Vieste.it\",\"url\":\"https:\/\/www.vieste.it\/tour\/\",\"logo\":{\"@type\":\"ImageObject\",\"inLanguage\":\"it-IT\",\"@id\":\"https:\/\/www.vieste.it\/tour\/#\/schema\/logo\/image\/\",\"url\":\"https:\/\/www.vieste.it\/tour\/wp-content\/uploads\/2020\/11\/logoviesteit.png\",\"contentUrl\":\"https:\/\/www.vieste.it\/tour\/wp-content\/uploads\/2020\/11\/logoviesteit.png\",\"width\":170,\"height\":75,\"caption\":\"Vieste.it\"},\"image\":{\"@id\":\"https:\/\/www.vieste.it\/tour\/#\/schema\/logo\/image\/\"}}]}<\/script>\n<!-- \/ Yoast SEO plugin. -->","yoast_head_json":{"title":"La Costa a sud di Bari in due giorni - Vieste e dintorni","description":"Un giro sulla costa a Sud della Terra di Bari attraversando localit\u00e0 come Mola di Bari, Polignano a Mare e Monopoli tutte affacciate sul mare.","robots":{"index":"index","follow":"follow","max-snippet":"max-snippet:-1","max-image-preview":"max-image-preview:large","max-video-preview":"max-video-preview:-1"},"canonical":"https:\/\/www.vieste.it\/tour\/costa-sud-bari\/","og_locale":"it_IT","og_type":"article","og_title":"La Costa a sud di Bari in due giorni - Vieste e dintorni","og_description":"Un giro sulla costa a Sud della Terra di Bari attraversando localit\u00e0 come Mola di Bari, Polignano a Mare e Monopoli tutte affacciate sul mare.","og_url":"https:\/\/www.vieste.it\/tour\/costa-sud-bari\/","og_site_name":"Vieste e dintorni","article_modified_time":"2022-11-20T11:03:00+00:00","og_image":[{"url":"https:\/\/www.vieste.it\/tour\/wp-content\/uploads\/2022\/07\/mola-di-bari-300x203.jpg","type":"","width":"","height":""}],"twitter_card":"summary_large_image","twitter_misc":{"Tempo di lettura stimato":"4 minuti"},"schema":{"@context":"https:\/\/schema.org","@graph":[{"@type":"WebPage","@id":"https:\/\/www.vieste.it\/tour\/costa-sud-bari\/","url":"https:\/\/www.vieste.it\/tour\/costa-sud-bari\/","name":"La Costa a sud di Bari in due giorni - Vieste e dintorni","isPartOf":{"@id":"https:\/\/www.vieste.it\/tour\/#website"},"primaryImageOfPage":{"@id":"https:\/\/www.vieste.it\/tour\/costa-sud-bari\/#primaryimage"},"image":{"@id":"https:\/\/www.vieste.it\/tour\/costa-sud-bari\/#primaryimage"},"thumbnailUrl":"https:\/\/www.vieste.it\/tour\/wp-content\/uploads\/2022\/07\/mola-di-bari-300x203.jpg","datePublished":"2022-07-07T07:55:56+00:00","dateModified":"2022-11-20T11:03:00+00:00","description":"Un giro sulla costa a Sud della Terra di Bari attraversando localit\u00e0 come Mola di Bari, Polignano a Mare e Monopoli tutte affacciate sul mare.","breadcrumb":{"@id":"https:\/\/www.vieste.it\/tour\/costa-sud-bari\/#breadcrumb"},"inLanguage":"it-IT","potentialAction":[{"@type":"ReadAction","target":["https:\/\/www.vieste.it\/tour\/costa-sud-bari\/"]}]},{"@type":"ImageObject","inLanguage":"it-IT","@id":"https:\/\/www.vieste.it\/tour\/costa-sud-bari\/#primaryimage","url":"https:\/\/www.vieste.it\/tour\/wp-content\/uploads\/2022\/07\/mola-di-bari.jpg","contentUrl":"https:\/\/www.vieste.it\/tour\/wp-content\/uploads\/2022\/07\/mola-di-bari.jpg","width":1200,"height":813},{"@type":"BreadcrumbList","@id":"https:\/\/www.vieste.it\/tour\/costa-sud-bari\/#breadcrumb","itemListElement":[{"@type":"ListItem","position":1,"name":"Home","item":"https:\/\/www.vieste.it\/tour\/"},{"@type":"ListItem","position":2,"name":"La Costa a sud di Bari in due giorni"}]},{"@type":"WebSite","@id":"https:\/\/www.vieste.it\/tour\/#website","url":"https:\/\/www.vieste.it\/tour\/","name":"Vieste e dintorni","description":"","publisher":{"@id":"https:\/\/www.vieste.it\/tour\/#organization"},"potentialAction":[{"@type":"SearchAction","target":{"@type":"EntryPoint","urlTemplate":"https:\/\/www.vieste.it\/tour\/?s={search_term_string}"},"query-input":{"@type":"PropertyValueSpecification","valueRequired":true,"valueName":"search_term_string"}}],"inLanguage":"it-IT"},{"@type":"Organization","@id":"https:\/\/www.vieste.it\/tour\/#organization","name":"Vieste.it","url":"https:\/\/www.vieste.it\/tour\/","logo":{"@type":"ImageObject","inLanguage":"it-IT","@id":"https:\/\/www.vieste.it\/tour\/#\/schema\/logo\/image\/","url":"https:\/\/www.vieste.it\/tour\/wp-content\/uploads\/2020\/11\/logoviesteit.png","contentUrl":"https:\/\/www.vieste.it\/tour\/wp-content\/uploads\/2020\/11\/logoviesteit.png","width":170,"height":75,"caption":"Vieste.it"},"image":{"@id":"https:\/\/www.vieste.it\/tour\/#\/schema\/logo\/image\/"}}]}},"_links":{"self":[{"href":"https:\/\/www.vieste.it\/tour\/wp-json\/wp\/v2\/pages\/1779","targetHints":{"allow":["GET"]}}],"collection":[{"href":"https:\/\/www.vieste.it\/tour\/wp-json\/wp\/v2\/pages"}],"about":[{"href":"https:\/\/www.vieste.it\/tour\/wp-json\/wp\/v2\/types\/page"}],"author":[{"embeddable":true,"href":"https:\/\/www.vieste.it\/tour\/wp-json\/wp\/v2\/users\/1"}],"replies":[{"embeddable":true,"href":"https:\/\/www.vieste.it\/tour\/wp-json\/wp\/v2\/comments?post=1779"}],"version-history":[{"count":14,"href":"https:\/\/www.vieste.it\/tour\/wp-json\/wp\/v2\/pages\/1779\/revisions"}],"predecessor-version":[{"id":2264,"href":"https:\/\/www.vieste.it\/tour\/wp-json\/wp\/v2\/pages\/1779\/revisions\/2264"}],"wp:attachment":[{"href":"https:\/\/www.vieste.it\/tour\/wp-json\/wp\/v2\/media?parent=1779"}],"curies":[{"name":"wp","href":"https:\/\/api.w.org\/{rel}","templated":true}]}}