{"id":1677,"date":"2022-06-27T16:49:48","date_gmt":"2022-06-27T14:49:48","guid":{"rendered":"https:\/\/www.vieste.it\/tour\/?page_id=1677"},"modified":"2022-11-20T11:54:56","modified_gmt":"2022-11-20T10:54:56","slug":"costa-nord-di-bari","status":"publish","type":"page","link":"https:\/\/www.vieste.it\/tour\/costa-nord-di-bari\/","title":{"rendered":"La costa nord di Bari in 3 giorni"},"content":{"rendered":"<p>La Terra di Bari, un territorio da esplorare,\u00a0 con un tour di 3 giorni\u00a0 salendo a nord\u00a0 lungo la costa e passando per\u00a0 localit\u00e0 come\u00a0 Giovinazzo\u00a0 e Molfetta ,\u00a0\u00a0 bianche e affacciate sul mare, e continuando verso\u00a0 Bisceglie e Trani.\u00a0 Una Terra da esplorare\u00a0 anche dall\u2019interno: Andria e Canosa di Puglia, Altamura, Bitonto,\u00a0 Ruvo di Puglia\u00a0 senza trascurarne\u00a0 nessuna.<br \/>\n<img loading=\"lazy\" decoding=\"async\" class=\"aligncenter wp-image-1680\" src=\"https:\/\/www.vieste.it\/tour\/wp-content\/uploads\/2022\/06\/cartina-costa-terra-di-bari-300x210.jpg\" alt=\"I luoghi da visitare sulla costa della Terra di Bari\" width=\"900\" height=\"630\" srcset=\"https:\/\/www.vieste.it\/tour\/wp-content\/uploads\/2022\/06\/cartina-costa-terra-di-bari-300x210.jpg 300w, https:\/\/www.vieste.it\/tour\/wp-content\/uploads\/2022\/06\/cartina-costa-terra-di-bari.jpg 1200w\" sizes=\"auto, (max-width: 900px) 100vw, 900px\" \/><\/p>\n<p>&nbsp;<\/p>\n<p>Poche province d&#8217;Italia presentano tante attrattive quante ne possiede la Terra di Bari,\u00a0 la natura e la storia hanno fatto a gara, durante i secoli,\u00a0 ad arricchire questa terra di <strong><a href=\"https:\/\/www.vieste.it\/puglia\/\">Puglia<\/a><\/strong>.<\/p>\n<p>Come le immagini di un affascinante documentario, davanti agli occhi del visitatore,\u00a0 si avvicendano vestigia di civilt\u00e0 remotissime, marine luminose, fantastiche visioni di <strong>grotte<\/strong> che sono fra le pi\u00f9 belle del mondo, deliziosi paesaggi cosparsi di <strong>trulli<\/strong>,\u00a0 cattedrali che si ergono verso il cielo,\u00a0 magiche apparizioni di castelli e\u00a0 <strong><a href=\"https:\/\/www.vieste.it\/tour\/le-spiagge-piu-belle-della-puglia-riviera-dei-trulli\/\">le spiagge pi\u00f9 belle sulla Riviera dei Trulli<\/a><\/strong>\u00a0 a sud della Terra di Bari\u00a0 fino a Torre Guaceto .<\/p>\n<div class='content-column two_third'><div style=\"padding-right:10px;\"><h2 id=\"tour-bari-vecchia\">Un tour nella citta vecchia di Bari<\/h2>\n<p>Per calarsi nell&#8217;atmosfera di\u00a0 <strong>Bari Vecchia<\/strong> bisogna programmare in anticipo una escursione in <strong>bicicletta<\/strong>, in<strong> bici-risci\u00f2<\/strong> o con <strong>mezzi elettrici a noleggio <\/strong>con <strong>VELO SERVICE<\/strong> (tel. 0802374039\/389620733\/3248048432; www.veloservice.org ).<\/p>\n<p>Si parte dalla sede centrale dietro <strong>Piazza Mercantile<\/strong>, e da qui si fa una tappa in <strong>Cattedrale<\/strong>,\u00a0\u00a0 davanti al mare in via Venezia,\u00a0 poi un&#8217; occhiata alle case nel dedalo delle stradine, il\u00a0 <strong>Castello<\/strong>,\u00a0 i <strong>palazzi nobiliari<\/strong>, i <strong>teatri<\/strong> e il <strong>lungomare<\/strong> monumentale.\u00a0 Poi lo <strong>street food locale<\/strong>, con degustazione di prodotti tipici, come gelato artigianale,\u00a0 o salumi e formaggi.<\/p>\n<p>Le classiche orecchiette si impara a farle con le signore di Bari Vecchia per apprendere i <strong>segreti della cucina tradizionale.<\/strong>\u00a0 Ancora <strong>f<\/strong><strong>are shopping<\/strong> nei migliori negozi di Bari o per scoprirne<strong> storia e cultura <\/strong>, un viaggio nel tempo per vivere le diverse epoche di Bari visitando i siti di maggior interesse culturale.<\/p>\n<p>Per dormire, da non perdere il pernottamento alla <strong>Casa Pimpolini<\/strong>\u00a0 (tel. 0805219938\/3339580740; www.casa pimpolini.com;). Un b&amp;B accogliente e signorile, in posizione\u00a0 perfetta per chi vuole visitare la citt\u00e0 e\u00a0 per colazione torte e i muffin preparati in casa nell\u2019accogliente cucina-veranda.<\/p><\/div><\/div>\n<div class='content-column one_third'><div style=\"padding-right:0px;\"><p>&nbsp;<\/p>\n<p>&nbsp;<\/p>\n<p><img loading=\"lazy\" decoding=\"async\" class=\"alignnone wp-image-1710\" src=\"https:\/\/www.vieste.it\/tour\/wp-content\/uploads\/2022\/06\/basilica-san-nicola-bari-300x235.jpg\" alt=\"Basilica di San Nicola a Bari\" width=\"400\" height=\"313\" srcset=\"https:\/\/www.vieste.it\/tour\/wp-content\/uploads\/2022\/06\/basilica-san-nicola-bari-300x235.jpg 300w, https:\/\/www.vieste.it\/tour\/wp-content\/uploads\/2022\/06\/basilica-san-nicola-bari.jpg 500w\" sizes=\"auto, (max-width: 400px) 100vw, 400px\" \/><\/p>\n<p>Basilica di San Nicola a Bari<\/p><\/div><\/div>\n<h3>La costa a nord di Bari verso Giovinazzo e Molfetta<\/h3>\n<p>Con questa seconda tappa ci si appresta a conoscere la parte nord-occidentale della Terra di Bari, dapprima seguendo la costa e poi nella zona delle Murge. <strong>Da Bari a Barletta<\/strong>, la strada adriatica corre diritta presso il mare, attraversando fertili e popolose campagne che sono tutte un tessuto di vigne, di oliveti, di carrubi e di mandorleti.<br \/>\nIn questo ridente quadro naturale, spiccano le\u00a0 <em>caselle<\/em> o <em>casedde<\/em>, curiose costruzioni del tipo dei trulli (cio\u00e8 rotonde e con profilo conico o pi\u00f9 spesso a gradini), ma pi\u00f9 rustiche.<\/p>\n<div class='content-column two_third'><div style=\"padding-right:10px;\"><h3>Giovinazzo con un pittoresco borgo mediovale<\/h3>\n<p>Dopo <strong>Santo Spirito<\/strong>,\u00a0 gaio centro balneare, si entra in <strong>GIOVINAZZO<\/strong>, ridente ed attiva cittadina, con un\u00a0<strong> porticciolo<\/strong> e con un moderno quartiere che si adorna di un fiorito lungomare.<\/p>\n<p>Il pittoresco <strong>borgo medioevale<\/strong>, al quale si accede passando sotto un&#8217;antica porta detta <em>Arco di Traiano<\/em>, presenta, in riva al mare, la bella <strong>Cattedrale<\/strong>, consacrata nel 1283, ma trasformata nel Sei-Settecento, che conserva, intatte, alcune parti della primitiva architettura pugliese.<\/p>\n<p>Altre chiese notevoli di Giovinazzo sono: la<strong> Chiesa di Santo Spirito<\/strong>, del Trecento, che ha un portale gotico ed \u00e8 coronata da due cupolette a torre con la cuspide piramidale, e la <strong>Chiesa di San Domenico<\/strong>, dall&#8217;alta facciata, del 1885, che conserva un bel\u00a0 San Felice di Lorenzo Lotto (1542).<\/p><\/div><\/div>\n<div class='content-column one_third'><div style=\"padding-right:0px;\"><p><img loading=\"lazy\" decoding=\"async\" class=\"alignnone wp-image-1692\" src=\"https:\/\/www.vieste.it\/tour\/wp-content\/uploads\/2022\/06\/porticciolo-giovinazzo-ieri-300x205.jpg\" alt=\"\" width=\"400\" height=\"273\" srcset=\"https:\/\/www.vieste.it\/tour\/wp-content\/uploads\/2022\/06\/porticciolo-giovinazzo-ieri-300x205.jpg 300w, https:\/\/www.vieste.it\/tour\/wp-content\/uploads\/2022\/06\/porticciolo-giovinazzo-ieri.jpg 450w\" sizes=\"auto, (max-width: 400px) 100vw, 400px\" \/><\/p>\n<p>Porticciolo di Giovinazzo ieri<\/p>\n<p><img loading=\"lazy\" decoding=\"async\" class=\"alignnone wp-image-1693\" src=\"https:\/\/www.vieste.it\/tour\/wp-content\/uploads\/2022\/06\/porticciolo-giovinazzo-oggi-300x212.jpg\" alt=\"\" width=\"400\" height=\"283\" srcset=\"https:\/\/www.vieste.it\/tour\/wp-content\/uploads\/2022\/06\/porticciolo-giovinazzo-oggi-300x212.jpg 300w, https:\/\/www.vieste.it\/tour\/wp-content\/uploads\/2022\/06\/porticciolo-giovinazzo-oggi.jpg 450w\" sizes=\"auto, (max-width: 400px) 100vw, 400px\" \/><\/p>\n<p>Porticciolo di Giovinazzo oggi<\/p>\n<p>&nbsp;<\/p><\/div><\/div>\n<div class='content-column two_third'><div style=\"padding-right:10px;\"><h3>Molfetta e l&#8217;antico borgo<\/h3>\n<p>Segue un lungo rettilineo, la strada, a tratti rasenta il mare e, in breve, raggiunge <strong>Molfetta<\/strong>. Una citt\u00e0 simile a Bari, si sporge con l&#8217;antico borgo su un promontorio presso il porto e si estende in piano con una parte moderna dalle lunghe vie rettilinee.\u00a0 Il territorio di Molfetta fu abitato sin dall&#8217;Et\u00e0 della pietra, come attestano varie localit\u00e0 fra cui il <em>Pulo<\/em>, nelle quali fu trovato materiale archeologico riferentesi, appunto, a quel lontanissimo periodo.<\/p>\n<p>Chiamata dapprima Melfi e poi Melficta, fu citt\u00e0 demaniale sotto gli Svevi e gli Angioini, ed ebbe il suo periodo di maggior floridezza sotto gli Aragonesi. La vasta e triangolare Piazza Garibaldi sistemata a giardino pubblico (Villa Garibaldi) costituisce il centro turistico. Su di essa prospettano: il grazioso <strong>tempietto gotico del Calvario<\/strong> e la <strong>quattrocentesca Chiesa di San Bernardino<\/strong>.<\/p>\n<h4>Molfetta e le sue chiese<\/h4>\n<p>Il vicino Corso Dante, sul quale si erge la <strong>Cattedrale<\/strong> (secolo XVII), dalla grandiosa facciata barocca. A destra, fiancheggia il porto la larga Banchina Seminano, con le caratteristiche case a logge della citt\u00e0 vecchia e, in fondo, con la maestosa mole del <strong>Duomo Vecchio<\/strong>. Questo tempio, eretto fra il 1150 e la fine del secolo XIII e consacrato a San Corrado, \u00e8 uno dei pi\u00f9 notevoli esempi dell&#8217;architettura romanica-pughese.\u00a0 Lungo la costa, verso Bisceghe, in vicinanza della spiaggia, sorge, invece, l&#8217;antica <strong>Chiesa della Madonna dei Mari<\/strong>, (secolo XII), accanto l&#8217; <strong>Ospedale dei Crociati<\/strong>.<\/p><\/div><\/div>\n<div class='content-column one_third'><div style=\"padding-right:0px;\"><p>&nbsp;<\/p>\n<p>&nbsp;<\/p>\n<p><img loading=\"lazy\" decoding=\"async\" class=\"alignnone wp-image-1697\" src=\"https:\/\/www.vieste.it\/tour\/wp-content\/uploads\/2022\/06\/porto-di-molfetta-300x243.jpg\" alt=\"Molvetta popolosa cittadina a nord della costa di Bari\" width=\"400\" height=\"324\" srcset=\"https:\/\/www.vieste.it\/tour\/wp-content\/uploads\/2022\/06\/porto-di-molfetta-300x243.jpg 300w, https:\/\/www.vieste.it\/tour\/wp-content\/uploads\/2022\/06\/porto-di-molfetta.jpg 600w\" sizes=\"auto, (max-width: 400px) 100vw, 400px\" \/><\/p>\n<p>Il porto di Molfetta con i campanili del Duomo Vecchio, la pi\u00f9 grandiosa delle chiese pugliesi a tre cupole.<\/p><\/div><\/div>\n<h3>La costa di Bisceglie, a nord tra Trani e Bari<\/h3>\n<p>Fra oliveti cosparsi di ville, inizia la terza tappa\u00a0 a <strong>BISCEGLIE<\/strong>, un popoloso centro agricolo con un piccolo porto e una frequentata localit\u00e0 balneare.<\/p>\n<p><img loading=\"lazy\" decoding=\"async\" class=\"aligncenter wp-image-1726\" src=\"https:\/\/www.vieste.it\/tour\/wp-content\/uploads\/2022\/06\/bisceglie-300x216.jpg\" alt=\"Bisceglie dal mare sulla costa nord tra Bari e Trani\" width=\"735\" height=\"529\" srcset=\"https:\/\/www.vieste.it\/tour\/wp-content\/uploads\/2022\/06\/bisceglie-300x216.jpg 300w, https:\/\/www.vieste.it\/tour\/wp-content\/uploads\/2022\/06\/bisceglie-1024x736.jpg 1024w, https:\/\/www.vieste.it\/tour\/wp-content\/uploads\/2022\/06\/bisceglie-768x552.jpg 768w, https:\/\/www.vieste.it\/tour\/wp-content\/uploads\/2022\/06\/bisceglie.jpg 1200w\" sizes=\"auto, (max-width: 735px) 100vw, 735px\" \/><br \/>\nPresso la vasta piazza centrale della cittadina si trova la <strong>Chiesa d\u00ec Santa Margherita<\/strong>, costruita nel 1197, vero gioiello dell&#8217;architettura pugliese che mostra, sul lato sinistro, tre austeri sepolcri gotici riccamente decorati. Poco lontano si ergono tre poderose <strong>torri quadrilatere<\/strong>, unici avanzi del <strong>Castello Normanno<\/strong> eretto poco dopo il Mille. Della stessa epoca, nella parte medioevale di Bisceglie sono: la Chiesa di Sant&#8217;Adoeno, del secolo XI, e la Cattedrale, dei secoli XI-XIII.\u00a0 La prima con un portale ad arco e un bel fonte battesimale;\u00a0 la seconda con un ricco portale sormontato da un baldacchino. Nell&#8217;interno della Cattedrale \u00e8 un grande coro in legno pregevolmente intagliato, in forme rinascimentali.<\/p>\n<div class='content-column two_third'><div style=\"padding-right:10px;\"><h4>I dolmen nei pressi di Bisceglie<\/h4>\n<p>Nei dintorni d\u00ec Bisceglie, sparsi nelle campagne\u00a0 si trovano vari <strong>dolmen<\/strong>, caratteristiche tombe dell&#8217;Et\u00e0 del bronzo formate da grosse lastre di pietra che servono da accesso a corridoi e a celle sotterranee. Di nuovo sul litorale,\u00a0 numerose cave di pietra e dense fasce di vigneti che producono un celebre vino moscato, annunciano la vicinanza di Trani.\u00a0 Poco prima, sulla penisoletta di <strong>Capo Colonna<\/strong>\u00a0 sorge l&#8217;antica <strong>Abbazia di Santa Maria di Colonna<\/strong> (sec. XI-XII) che conserva della costruzione originaria il bel portale.\u00a0 Ad ovest del promontorio si estende un&#8217;ampia spiaggia balneare modernamente attrezzata, preceduta da un piazzale con fiorite aiuole, da cui ha inizio un lungomare fiancheggiato da ville e da giardini che guida a <a href=\"https:\/\/www.vieste.it\/tour\/visitare-trani-e-le-cose-da-vedere\/\"><strong>Trani<\/strong><\/a>.<\/p><\/div><\/div>\n<div class='content-column one_third'><div style=\"padding-right:0px;\"><p>&nbsp;<\/p>\n<p><img loading=\"lazy\" decoding=\"async\" class=\"alignnone wp-image-1729\" src=\"https:\/\/www.vieste.it\/tour\/wp-content\/uploads\/2022\/06\/dolmen-bisceglie-300x233.jpg\" alt=\"Bisceglie: dolmen dell'et\u00e0 del bronzo\" width=\"400\" height=\"311\" srcset=\"https:\/\/www.vieste.it\/tour\/wp-content\/uploads\/2022\/06\/dolmen-bisceglie-300x233.jpg 300w, https:\/\/www.vieste.it\/tour\/wp-content\/uploads\/2022\/06\/dolmen-bisceglie-1024x794.jpg 1024w, https:\/\/www.vieste.it\/tour\/wp-content\/uploads\/2022\/06\/dolmen-bisceglie-768x595.jpg 768w, https:\/\/www.vieste.it\/tour\/wp-content\/uploads\/2022\/06\/dolmen-bisceglie.jpg 1197w\" sizes=\"auto, (max-width: 400px) 100vw, 400px\" \/><\/p>\n<p>Dolmen dell&#8217;et\u00e0 del bronzo a Bisceglie<\/p>\n<p>&nbsp;<\/p><\/div><\/div>\n<p><strong>Trani<\/strong> con\u00a0 il centro storico, la <a href=\"https:\/\/www.vieste.it\/tour\/visitare-trani-e-le-cose-da-vedere\/#La-Cattedrale-di-Trani\"><strong>Cattedrale<\/strong><\/a>, il moscato, la passeggiata lungo l\u2019emiciclo in pietra chiara al tramonto e a cena\u00a0 al Diavoletto Epicureo (tel.\u00a0 0883493193\/3470812672; www.diavolettoepicureo.it), imbattibile la ricetta degli scialatielli\u00a0 con le vongole e poi con le luci della notte andando a pernottare al Portadamare (tel. 0883481976 \/3475037187; www.portadamare.it) con una graziosa terrazza tra i\u00a0 tetti e le antenne, davanti al mare e al porto.<\/p>\n<p>Itinerario di due giorni sulla <a href=\"https:\/\/www.vieste.it\/tour\/costa-sud-bari\/\"><strong>costa a sud di Bari<\/strong><\/a> tra Mola di Bari graziosa localit\u00e0 balneare, Polignano a Mare con le case bianche che si ergono sull&#8217; alta e frastagliata scogliera e Monopoli con un vivace porto peschereccio.<\/p>\n","protected":false},"excerpt":{"rendered":"<p>La Terra di Bari, un territorio da esplorare,\u00a0 con un tour di 3 giorni\u00a0 salendo a nord\u00a0 lungo la costa e passando per\u00a0 localit\u00e0 come\u00a0 Giovinazzo\u00a0 e Molfetta ,\u00a0\u00a0 bianche e affacciate sul mare, e continuando verso\u00a0 Bisceglie e Trani.\u00a0 Una Terra da esplorare\u00a0 anche dall\u2019interno: Andria e Canosa di Puglia, Altamura, Bitonto,\u00a0 Ruvo di &hellip;<\/p>\n<p class=\"read-more\"> <a class=\"\" href=\"https:\/\/www.vieste.it\/tour\/costa-nord-di-bari\/\"> <span class=\"screen-reader-text\">La costa nord di Bari in 3 giorni<\/span> Leggi altro &raquo;<\/a><\/p>\n","protected":false},"author":1,"featured_media":0,"parent":0,"menu_order":0,"comment_status":"closed","ping_status":"closed","template":"","meta":{"site-sidebar-layout":"default","site-content-layout":"default","ast-main-header-display":"","ast-hfb-above-header-display":"","ast-hfb-below-header-display":"","ast-hfb-mobile-header-display":"","site-post-title":"","ast-breadcrumbs-content":"","ast-featured-img":"","footer-sml-layout":"","theme-transparent-header-meta":"default","adv-header-id-meta":"","stick-header-meta":"","header-above-stick-meta":"","header-main-stick-meta":"","header-below-stick-meta":"","footnotes":""},"class_list":["post-1677","page","type-page","status-publish","hentry"],"yoast_head":"<!-- This site is optimized with the Yoast SEO plugin v26.6 - https:\/\/yoast.com\/wordpress\/plugins\/seo\/ -->\n<title>La costa nord di Bari in 3 giorni - Vieste e dintorni<\/title>\n<meta name=\"description\" content=\"Un tour a Nord della Terra di Bari, lungo la costa, passando per\u00a0 localit\u00e0 come\u00a0 Molfetta e Giovinazzo e Bisceglie affacciate sul mare.\" \/>\n<meta name=\"robots\" content=\"index, follow, max-snippet:-1, max-image-preview:large, max-video-preview:-1\" \/>\n<link rel=\"canonical\" href=\"https:\/\/www.vieste.it\/tour\/costa-nord-di-bari\/\" \/>\n<meta property=\"og:locale\" content=\"it_IT\" \/>\n<meta property=\"og:type\" content=\"article\" \/>\n<meta property=\"og:title\" content=\"La costa nord di Bari in 3 giorni - Vieste e dintorni\" \/>\n<meta property=\"og:description\" content=\"Un tour a Nord della Terra di Bari, lungo la costa, passando per\u00a0 localit\u00e0 come\u00a0 Molfetta e Giovinazzo e Bisceglie affacciate sul mare.\" \/>\n<meta property=\"og:url\" content=\"https:\/\/www.vieste.it\/tour\/costa-nord-di-bari\/\" \/>\n<meta property=\"og:site_name\" content=\"Vieste e dintorni\" \/>\n<meta property=\"article:modified_time\" content=\"2022-11-20T10:54:56+00:00\" \/>\n<meta property=\"og:image\" content=\"https:\/\/www.vieste.it\/tour\/wp-content\/uploads\/2022\/06\/cartina-costa-terra-di-bari-300x210.jpg\" \/>\n<meta name=\"twitter:card\" content=\"summary_large_image\" \/>\n<meta name=\"twitter:label1\" content=\"Tempo di lettura stimato\" \/>\n\t<meta name=\"twitter:data1\" content=\"6 minuti\" \/>\n<script type=\"application\/ld+json\" class=\"yoast-schema-graph\">{\"@context\":\"https:\/\/schema.org\",\"@graph\":[{\"@type\":\"WebPage\",\"@id\":\"https:\/\/www.vieste.it\/tour\/costa-nord-di-bari\/\",\"url\":\"https:\/\/www.vieste.it\/tour\/costa-nord-di-bari\/\",\"name\":\"La costa nord di Bari in 3 giorni - Vieste e dintorni\",\"isPartOf\":{\"@id\":\"https:\/\/www.vieste.it\/tour\/#website\"},\"primaryImageOfPage\":{\"@id\":\"https:\/\/www.vieste.it\/tour\/costa-nord-di-bari\/#primaryimage\"},\"image\":{\"@id\":\"https:\/\/www.vieste.it\/tour\/costa-nord-di-bari\/#primaryimage\"},\"thumbnailUrl\":\"https:\/\/www.vieste.it\/tour\/wp-content\/uploads\/2022\/06\/cartina-costa-terra-di-bari-300x210.jpg\",\"datePublished\":\"2022-06-27T14:49:48+00:00\",\"dateModified\":\"2022-11-20T10:54:56+00:00\",\"description\":\"Un tour a Nord della Terra di Bari, lungo la costa, passando per\u00a0 localit\u00e0 come\u00a0 Molfetta e Giovinazzo e Bisceglie affacciate sul mare.\",\"breadcrumb\":{\"@id\":\"https:\/\/www.vieste.it\/tour\/costa-nord-di-bari\/#breadcrumb\"},\"inLanguage\":\"it-IT\",\"potentialAction\":[{\"@type\":\"ReadAction\",\"target\":[\"https:\/\/www.vieste.it\/tour\/costa-nord-di-bari\/\"]}]},{\"@type\":\"ImageObject\",\"inLanguage\":\"it-IT\",\"@id\":\"https:\/\/www.vieste.it\/tour\/costa-nord-di-bari\/#primaryimage\",\"url\":\"https:\/\/www.vieste.it\/tour\/wp-content\/uploads\/2022\/06\/cartina-costa-terra-di-bari.jpg\",\"contentUrl\":\"https:\/\/www.vieste.it\/tour\/wp-content\/uploads\/2022\/06\/cartina-costa-terra-di-bari.jpg\",\"width\":1200,\"height\":838},{\"@type\":\"BreadcrumbList\",\"@id\":\"https:\/\/www.vieste.it\/tour\/costa-nord-di-bari\/#breadcrumb\",\"itemListElement\":[{\"@type\":\"ListItem\",\"position\":1,\"name\":\"Home\",\"item\":\"https:\/\/www.vieste.it\/tour\/\"},{\"@type\":\"ListItem\",\"position\":2,\"name\":\"La costa nord di Bari in 3 giorni\"}]},{\"@type\":\"WebSite\",\"@id\":\"https:\/\/www.vieste.it\/tour\/#website\",\"url\":\"https:\/\/www.vieste.it\/tour\/\",\"name\":\"Vieste e dintorni\",\"description\":\"\",\"publisher\":{\"@id\":\"https:\/\/www.vieste.it\/tour\/#organization\"},\"potentialAction\":[{\"@type\":\"SearchAction\",\"target\":{\"@type\":\"EntryPoint\",\"urlTemplate\":\"https:\/\/www.vieste.it\/tour\/?s={search_term_string}\"},\"query-input\":{\"@type\":\"PropertyValueSpecification\",\"valueRequired\":true,\"valueName\":\"search_term_string\"}}],\"inLanguage\":\"it-IT\"},{\"@type\":\"Organization\",\"@id\":\"https:\/\/www.vieste.it\/tour\/#organization\",\"name\":\"Vieste.it\",\"url\":\"https:\/\/www.vieste.it\/tour\/\",\"logo\":{\"@type\":\"ImageObject\",\"inLanguage\":\"it-IT\",\"@id\":\"https:\/\/www.vieste.it\/tour\/#\/schema\/logo\/image\/\",\"url\":\"https:\/\/www.vieste.it\/tour\/wp-content\/uploads\/2020\/11\/logoviesteit.png\",\"contentUrl\":\"https:\/\/www.vieste.it\/tour\/wp-content\/uploads\/2020\/11\/logoviesteit.png\",\"width\":170,\"height\":75,\"caption\":\"Vieste.it\"},\"image\":{\"@id\":\"https:\/\/www.vieste.it\/tour\/#\/schema\/logo\/image\/\"}}]}<\/script>\n<!-- \/ Yoast SEO plugin. -->","yoast_head_json":{"title":"La costa nord di Bari in 3 giorni - Vieste e dintorni","description":"Un tour a Nord della Terra di Bari, lungo la costa, passando per\u00a0 localit\u00e0 come\u00a0 Molfetta e Giovinazzo e Bisceglie affacciate sul mare.","robots":{"index":"index","follow":"follow","max-snippet":"max-snippet:-1","max-image-preview":"max-image-preview:large","max-video-preview":"max-video-preview:-1"},"canonical":"https:\/\/www.vieste.it\/tour\/costa-nord-di-bari\/","og_locale":"it_IT","og_type":"article","og_title":"La costa nord di Bari in 3 giorni - Vieste e dintorni","og_description":"Un tour a Nord della Terra di Bari, lungo la costa, passando per\u00a0 localit\u00e0 come\u00a0 Molfetta e Giovinazzo e Bisceglie affacciate sul mare.","og_url":"https:\/\/www.vieste.it\/tour\/costa-nord-di-bari\/","og_site_name":"Vieste e dintorni","article_modified_time":"2022-11-20T10:54:56+00:00","og_image":[{"url":"https:\/\/www.vieste.it\/tour\/wp-content\/uploads\/2022\/06\/cartina-costa-terra-di-bari-300x210.jpg","type":"","width":"","height":""}],"twitter_card":"summary_large_image","twitter_misc":{"Tempo di lettura stimato":"6 minuti"},"schema":{"@context":"https:\/\/schema.org","@graph":[{"@type":"WebPage","@id":"https:\/\/www.vieste.it\/tour\/costa-nord-di-bari\/","url":"https:\/\/www.vieste.it\/tour\/costa-nord-di-bari\/","name":"La costa nord di Bari in 3 giorni - Vieste e dintorni","isPartOf":{"@id":"https:\/\/www.vieste.it\/tour\/#website"},"primaryImageOfPage":{"@id":"https:\/\/www.vieste.it\/tour\/costa-nord-di-bari\/#primaryimage"},"image":{"@id":"https:\/\/www.vieste.it\/tour\/costa-nord-di-bari\/#primaryimage"},"thumbnailUrl":"https:\/\/www.vieste.it\/tour\/wp-content\/uploads\/2022\/06\/cartina-costa-terra-di-bari-300x210.jpg","datePublished":"2022-06-27T14:49:48+00:00","dateModified":"2022-11-20T10:54:56+00:00","description":"Un tour a Nord della Terra di Bari, lungo la costa, passando per\u00a0 localit\u00e0 come\u00a0 Molfetta e Giovinazzo e Bisceglie affacciate sul mare.","breadcrumb":{"@id":"https:\/\/www.vieste.it\/tour\/costa-nord-di-bari\/#breadcrumb"},"inLanguage":"it-IT","potentialAction":[{"@type":"ReadAction","target":["https:\/\/www.vieste.it\/tour\/costa-nord-di-bari\/"]}]},{"@type":"ImageObject","inLanguage":"it-IT","@id":"https:\/\/www.vieste.it\/tour\/costa-nord-di-bari\/#primaryimage","url":"https:\/\/www.vieste.it\/tour\/wp-content\/uploads\/2022\/06\/cartina-costa-terra-di-bari.jpg","contentUrl":"https:\/\/www.vieste.it\/tour\/wp-content\/uploads\/2022\/06\/cartina-costa-terra-di-bari.jpg","width":1200,"height":838},{"@type":"BreadcrumbList","@id":"https:\/\/www.vieste.it\/tour\/costa-nord-di-bari\/#breadcrumb","itemListElement":[{"@type":"ListItem","position":1,"name":"Home","item":"https:\/\/www.vieste.it\/tour\/"},{"@type":"ListItem","position":2,"name":"La costa nord di Bari in 3 giorni"}]},{"@type":"WebSite","@id":"https:\/\/www.vieste.it\/tour\/#website","url":"https:\/\/www.vieste.it\/tour\/","name":"Vieste e dintorni","description":"","publisher":{"@id":"https:\/\/www.vieste.it\/tour\/#organization"},"potentialAction":[{"@type":"SearchAction","target":{"@type":"EntryPoint","urlTemplate":"https:\/\/www.vieste.it\/tour\/?s={search_term_string}"},"query-input":{"@type":"PropertyValueSpecification","valueRequired":true,"valueName":"search_term_string"}}],"inLanguage":"it-IT"},{"@type":"Organization","@id":"https:\/\/www.vieste.it\/tour\/#organization","name":"Vieste.it","url":"https:\/\/www.vieste.it\/tour\/","logo":{"@type":"ImageObject","inLanguage":"it-IT","@id":"https:\/\/www.vieste.it\/tour\/#\/schema\/logo\/image\/","url":"https:\/\/www.vieste.it\/tour\/wp-content\/uploads\/2020\/11\/logoviesteit.png","contentUrl":"https:\/\/www.vieste.it\/tour\/wp-content\/uploads\/2020\/11\/logoviesteit.png","width":170,"height":75,"caption":"Vieste.it"},"image":{"@id":"https:\/\/www.vieste.it\/tour\/#\/schema\/logo\/image\/"}}]}},"_links":{"self":[{"href":"https:\/\/www.vieste.it\/tour\/wp-json\/wp\/v2\/pages\/1677","targetHints":{"allow":["GET"]}}],"collection":[{"href":"https:\/\/www.vieste.it\/tour\/wp-json\/wp\/v2\/pages"}],"about":[{"href":"https:\/\/www.vieste.it\/tour\/wp-json\/wp\/v2\/types\/page"}],"author":[{"embeddable":true,"href":"https:\/\/www.vieste.it\/tour\/wp-json\/wp\/v2\/users\/1"}],"replies":[{"embeddable":true,"href":"https:\/\/www.vieste.it\/tour\/wp-json\/wp\/v2\/comments?post=1677"}],"version-history":[{"count":66,"href":"https:\/\/www.vieste.it\/tour\/wp-json\/wp\/v2\/pages\/1677\/revisions"}],"predecessor-version":[{"id":2263,"href":"https:\/\/www.vieste.it\/tour\/wp-json\/wp\/v2\/pages\/1677\/revisions\/2263"}],"wp:attachment":[{"href":"https:\/\/www.vieste.it\/tour\/wp-json\/wp\/v2\/media?parent=1677"}],"curies":[{"name":"wp","href":"https:\/\/api.w.org\/{rel}","templated":true}]}}