{"id":1378,"date":"2022-05-10T09:04:40","date_gmt":"2022-05-10T07:04:40","guid":{"rendered":"https:\/\/www.vieste.it\/tour\/?page_id=1378"},"modified":"2022-05-18T08:34:14","modified_gmt":"2022-05-18T06:34:14","slug":"dove-mangiare-gallipoli","status":"publish","type":"page","link":"https:\/\/www.vieste.it\/tour\/gallipoli-cosa-vedere\/dove-mangiare-gallipoli\/","title":{"rendered":"Dove mangiare il pesce a Gallipoli"},"content":{"rendered":"<p><img loading=\"lazy\" decoding=\"async\" class=\"aligncenter wp-image-1385\" src=\"https:\/\/www.vieste.it\/tour\/wp-content\/uploads\/2022\/05\/spiaggia-di-gallipoli-300x159.jpg\" alt=\"I ristoranti di Gallipoli dove poter mangiare il pesce fresco\" width=\"966\" height=\"512\" srcset=\"https:\/\/www.vieste.it\/tour\/wp-content\/uploads\/2022\/05\/spiaggia-di-gallipoli-300x159.jpg 300w, https:\/\/www.vieste.it\/tour\/wp-content\/uploads\/2022\/05\/spiaggia-di-gallipoli-768x406.jpg 768w\" sizes=\"auto, (max-width: 966px) 100vw, 966px\" \/><\/p>\n<p>A Gallipoli si viene per mangiare il pesce. e che qui il pesce si mangi davvero bene \u00e8 vero. Ed \u00e8 ancor pi\u00f9 vero da quando Francesco del <strong>Blue Salento RISTORANTE<\/strong> ha abbandonato Lecce per trasferirsi tra i moli e le barche del porto turistico. Quindi non dovete fare altro che scegliere i pesci che preferite\u00a0 e aspettare che cuociano,\u00a0 magari ingannando\u00a0 l\u2019attesa con un piatto di ravioli ripieni di burrata con gamberi e vongole o gustare i tanti piatti della <a href=\"https:\/\/www.vieste.it\/tour\/puglia-in-tavola\/\"><strong>cucina pugliese<\/strong><\/a> come i paccheri alla ricciola abbinati agli ottimi <a href=\"https:\/\/www.vieste.it\/tour\/vini-pugliesi\/\"><strong>vini pugliesi<\/strong><\/a>.\u00a0 Se oggi non vi va il pesce, potete optare per una ottima pizza napoletana a regola d\u2019arte alla <strong>Pizzeria Don Vincenzo <\/strong><em>: LA VERA PIZZA NAPOLETANA FATTA DA NAPOLETANI <\/em>con le farine dell\u2019Antico Molino Caputo, la lievitazione\u00a0 lenta, il pomodoro del Vesuvio e le mozzarelle di Battipaglia.<\/p>\n<div class='content-column two_third'><p><strong>Tra i piatti da provare assolutamente a <a href=\"https:\/\/www.vieste.it\/tour\/gallipoli-cosa-vedere\/\">Gallipol<\/a><\/strong>i: <em>zuppa di pesce alla gallipolitana <\/em>\u00e8 la zuppa bruna degli antichi greci: diverse specie di pesci cotti in olio, cipolla, aceto e pepe ; <em>polpo alla pignatta<\/em> cotto senza acqua con pomodoro, olio, cipolla e patate; <em>vermicelli al sugo di cauri<\/em> (granchi).\u00a0 <em>Pesce di ogni specie<\/em> fritto, arrosto, alla griglia; <em>uova di tonno bollite<\/em> e condite con olio, aceto, sale e pepe, <em>polpo fritto<\/em>, <em>pesci marinati<\/em> (masculari e sardizza, zerro marinato).<\/p><\/div>\n<div class='content-column one_third last_column'><p><img loading=\"lazy\" decoding=\"async\" class=\"alignnone wp-image-1401 \" src=\"https:\/\/www.vieste.it\/tour\/wp-content\/uploads\/2022\/05\/masculari-sardizza-300x261.jpg\" alt=\"Masculari e sardizza i pesci della tcucina gallipolitana\" width=\"400\" height=\"348\" srcset=\"https:\/\/www.vieste.it\/tour\/wp-content\/uploads\/2022\/05\/masculari-sardizza-300x261.jpg 300w, https:\/\/www.vieste.it\/tour\/wp-content\/uploads\/2022\/05\/masculari-sardizza-768x668.jpg 768w, https:\/\/www.vieste.it\/tour\/wp-content\/uploads\/2022\/05\/masculari-sardizza.jpg 798w\" sizes=\"auto, (max-width: 400px) 100vw, 400px\" \/><\/p><\/div><div class='clear_column'><\/div>\n<p><a href=\"http:\/\/www.bleusalento.it\/ristorante.html\"><strong>Blue Salento RISTORANTE<\/strong><\/a>\u00a0 tel. 338 442 52 08\/347 910 96 09; Lungomare Marconi 34, una stupenda location sul mare.<\/p>\n<p><strong><a href=\"https:\/\/www.facebook.com\/donvincenzo2007\/\">Pizzeria Don Vincenzo<\/a> PIZZERIA NAPOLETANA<\/strong>\u2003tel. 328 206 17 92\/333 603 81 91; Piazza Giovanni XXIII 13.\u00a0 In questo \u2018vicolo di Napoli\u2019 Francesca e Domenico hanno messo insieme la loro passione per la cucina partenopea e la loro capacit\u00e0 di fare la pizza napoletana. Pizze buone con ingredienti di qualit\u00e0.<\/p>\n<p><strong>Da Olga RISTORANTE<\/strong> tel.0833 26 19 82; Viale Bovio 3.\u00a0 Se avete voglia di una serata un po\u2019 disimpegnata, di togliervi dall\u2019inarrestabile viavai del centro storico, di un fritto misto (che sia abbondante) e di spendere un po\u2019 meno delle altre sere, venite da Olga. Un buon ristorante con ottimo pesce e il buon vino bianco locale.<\/p>\n<p><strong> Il Bastione RISTORANTE<\/strong>\u00a0 tel. 0833 26 38 36\/392 428 07 93; www.ilbastionegallipoli.it; Riviera Nazario Sauro 28. Per chi si ricordasse solo del pranzo di D\u2019Alema e Buttiglione, alle pareti ci sono le fotografie degli altri ospiti illustri che sono passati di qui. Perch\u00e9 Il Bastione \u00e8 rinomato da anni: per via dell\u2019esclusivit\u00e0 della location, della vista strabiliante, e naturalmente della cucina. Di recente il locale \u00e8 stato completato con una terrazza sul mare, dove ci si pu\u00f2 rilassare su una sdraio, e dove si fa servizio bar e cucina.<\/p>\n<p><strong> La Puritate RISTORANTE<\/strong>\u00a0 tel. 0833 26 42 05; Via S. Elia 18 .\u00a0 Uno dei migliori ristoranti nel centro storico del vecchio borgo di Gallipoli, buonissimi gli antipasti misti crudi e cotti e i primi. Si trova accanto all\u2019omonima chiesa e dispone di una sala a vetrate arredata con sedie dallo schienale alto.<\/p>\n<p><strong>Locale Caf\u00e8 del Mar BAR<\/strong> (tel. Marco: 340 898 45 91; Riviera Nazario Sauro; aperto\u00a0 ore 24 ore su 24) Piacevole locale situato proprio sulla torretta davanti al Bacino di San Giorgio. La location \u00e8 davvero magica. Che sia per un caff\u00e8 o un frullato di giorno come per un cocktail a tarda notte.<\/p>\n","protected":false},"excerpt":{"rendered":"<p>A Gallipoli si viene per mangiare il pesce. e che qui il pesce si mangi davvero bene \u00e8 vero. Ed \u00e8 ancor pi\u00f9 vero da quando Francesco del Blue Salento RISTORANTE ha abbandonato Lecce per trasferirsi tra i moli e le barche del porto turistico. Quindi non dovete fare altro che scegliere i pesci che &hellip;<\/p>\n<p class=\"read-more\"> <a class=\"\" href=\"https:\/\/www.vieste.it\/tour\/gallipoli-cosa-vedere\/dove-mangiare-gallipoli\/\"> <span class=\"screen-reader-text\">Dove mangiare il pesce a Gallipoli<\/span> Leggi altro &raquo;<\/a><\/p>\n","protected":false},"author":1,"featured_media":0,"parent":1335,"menu_order":0,"comment_status":"closed","ping_status":"closed","template":"","meta":{"site-sidebar-layout":"default","site-content-layout":"default","ast-main-header-display":"","ast-hfb-above-header-display":"","ast-hfb-below-header-display":"","ast-hfb-mobile-header-display":"","site-post-title":"","ast-breadcrumbs-content":"","ast-featured-img":"","footer-sml-layout":"","theme-transparent-header-meta":"default","adv-header-id-meta":"","stick-header-meta":"","header-above-stick-meta":"","header-main-stick-meta":"","header-below-stick-meta":"","footnotes":""},"class_list":["post-1378","page","type-page","status-publish","hentry"],"yoast_head":"<!-- This site is optimized with the Yoast SEO plugin v26.6 - https:\/\/yoast.com\/wordpress\/plugins\/seo\/ -->\n<title>Dove mangiare il pesce a Gallipoli - Vieste e dintorni<\/title>\n<meta name=\"description\" content=\"I ristoranti di Gallipoli dove poter mangiare il pesce fresco o una ottima pizza napoletana, magari su una terrazza sul mare.\" \/>\n<meta name=\"robots\" content=\"index, follow, max-snippet:-1, max-image-preview:large, max-video-preview:-1\" \/>\n<link rel=\"canonical\" href=\"https:\/\/www.vieste.it\/tour\/gallipoli-cosa-vedere\/dove-mangiare-gallipoli\/\" \/>\n<meta property=\"og:locale\" content=\"it_IT\" \/>\n<meta property=\"og:type\" content=\"article\" \/>\n<meta property=\"og:title\" content=\"Dove mangiare il pesce a Gallipoli - Vieste e dintorni\" \/>\n<meta property=\"og:description\" content=\"I ristoranti di Gallipoli dove poter mangiare il pesce fresco o una ottima pizza napoletana, magari su una terrazza sul mare.\" \/>\n<meta property=\"og:url\" content=\"https:\/\/www.vieste.it\/tour\/gallipoli-cosa-vedere\/dove-mangiare-gallipoli\/\" \/>\n<meta property=\"og:site_name\" content=\"Vieste e dintorni\" \/>\n<meta property=\"article:modified_time\" content=\"2022-05-18T06:34:14+00:00\" \/>\n<meta property=\"og:image\" content=\"https:\/\/www.vieste.it\/tour\/wp-content\/uploads\/2022\/05\/spiaggia-di-gallipoli-300x159.jpg\" \/>\n<meta name=\"twitter:card\" content=\"summary_large_image\" \/>\n<meta name=\"twitter:label1\" content=\"Tempo di lettura stimato\" \/>\n\t<meta name=\"twitter:data1\" content=\"3 minuti\" \/>\n<script type=\"application\/ld+json\" class=\"yoast-schema-graph\">{\"@context\":\"https:\/\/schema.org\",\"@graph\":[{\"@type\":\"WebPage\",\"@id\":\"https:\/\/www.vieste.it\/tour\/gallipoli-cosa-vedere\/dove-mangiare-gallipoli\/\",\"url\":\"https:\/\/www.vieste.it\/tour\/gallipoli-cosa-vedere\/dove-mangiare-gallipoli\/\",\"name\":\"Dove mangiare il pesce a Gallipoli - Vieste e dintorni\",\"isPartOf\":{\"@id\":\"https:\/\/www.vieste.it\/tour\/#website\"},\"primaryImageOfPage\":{\"@id\":\"https:\/\/www.vieste.it\/tour\/gallipoli-cosa-vedere\/dove-mangiare-gallipoli\/#primaryimage\"},\"image\":{\"@id\":\"https:\/\/www.vieste.it\/tour\/gallipoli-cosa-vedere\/dove-mangiare-gallipoli\/#primaryimage\"},\"thumbnailUrl\":\"https:\/\/www.vieste.it\/tour\/wp-content\/uploads\/2022\/05\/spiaggia-di-gallipoli-300x159.jpg\",\"datePublished\":\"2022-05-10T07:04:40+00:00\",\"dateModified\":\"2022-05-18T06:34:14+00:00\",\"description\":\"I ristoranti di Gallipoli dove poter mangiare il pesce fresco o una ottima pizza napoletana, magari su una terrazza sul mare.\",\"breadcrumb\":{\"@id\":\"https:\/\/www.vieste.it\/tour\/gallipoli-cosa-vedere\/dove-mangiare-gallipoli\/#breadcrumb\"},\"inLanguage\":\"it-IT\",\"potentialAction\":[{\"@type\":\"ReadAction\",\"target\":[\"https:\/\/www.vieste.it\/tour\/gallipoli-cosa-vedere\/dove-mangiare-gallipoli\/\"]}]},{\"@type\":\"ImageObject\",\"inLanguage\":\"it-IT\",\"@id\":\"https:\/\/www.vieste.it\/tour\/gallipoli-cosa-vedere\/dove-mangiare-gallipoli\/#primaryimage\",\"url\":\"https:\/\/www.vieste.it\/tour\/wp-content\/uploads\/2022\/05\/spiaggia-di-gallipoli.jpg\",\"contentUrl\":\"https:\/\/www.vieste.it\/tour\/wp-content\/uploads\/2022\/05\/spiaggia-di-gallipoli.jpg\",\"width\":1200,\"height\":634},{\"@type\":\"BreadcrumbList\",\"@id\":\"https:\/\/www.vieste.it\/tour\/gallipoli-cosa-vedere\/dove-mangiare-gallipoli\/#breadcrumb\",\"itemListElement\":[{\"@type\":\"ListItem\",\"position\":1,\"name\":\"Home\",\"item\":\"https:\/\/www.vieste.it\/tour\/\"},{\"@type\":\"ListItem\",\"position\":2,\"name\":\"Cosa vedere a Gallipoli la Perla del Salento\",\"item\":\"https:\/\/www.vieste.it\/tour\/gallipoli-cosa-vedere\/\"},{\"@type\":\"ListItem\",\"position\":3,\"name\":\"Dove mangiare il pesce a Gallipoli\"}]},{\"@type\":\"WebSite\",\"@id\":\"https:\/\/www.vieste.it\/tour\/#website\",\"url\":\"https:\/\/www.vieste.it\/tour\/\",\"name\":\"Vieste e dintorni\",\"description\":\"\",\"publisher\":{\"@id\":\"https:\/\/www.vieste.it\/tour\/#organization\"},\"potentialAction\":[{\"@type\":\"SearchAction\",\"target\":{\"@type\":\"EntryPoint\",\"urlTemplate\":\"https:\/\/www.vieste.it\/tour\/?s={search_term_string}\"},\"query-input\":{\"@type\":\"PropertyValueSpecification\",\"valueRequired\":true,\"valueName\":\"search_term_string\"}}],\"inLanguage\":\"it-IT\"},{\"@type\":\"Organization\",\"@id\":\"https:\/\/www.vieste.it\/tour\/#organization\",\"name\":\"Vieste.it\",\"url\":\"https:\/\/www.vieste.it\/tour\/\",\"logo\":{\"@type\":\"ImageObject\",\"inLanguage\":\"it-IT\",\"@id\":\"https:\/\/www.vieste.it\/tour\/#\/schema\/logo\/image\/\",\"url\":\"https:\/\/www.vieste.it\/tour\/wp-content\/uploads\/2020\/11\/logoviesteit.png\",\"contentUrl\":\"https:\/\/www.vieste.it\/tour\/wp-content\/uploads\/2020\/11\/logoviesteit.png\",\"width\":170,\"height\":75,\"caption\":\"Vieste.it\"},\"image\":{\"@id\":\"https:\/\/www.vieste.it\/tour\/#\/schema\/logo\/image\/\"}}]}<\/script>\n<!-- \/ Yoast SEO plugin. -->","yoast_head_json":{"title":"Dove mangiare il pesce a Gallipoli - Vieste e dintorni","description":"I ristoranti di Gallipoli dove poter mangiare il pesce fresco o una ottima pizza napoletana, magari su una terrazza sul mare.","robots":{"index":"index","follow":"follow","max-snippet":"max-snippet:-1","max-image-preview":"max-image-preview:large","max-video-preview":"max-video-preview:-1"},"canonical":"https:\/\/www.vieste.it\/tour\/gallipoli-cosa-vedere\/dove-mangiare-gallipoli\/","og_locale":"it_IT","og_type":"article","og_title":"Dove mangiare il pesce a Gallipoli - Vieste e dintorni","og_description":"I ristoranti di Gallipoli dove poter mangiare il pesce fresco o una ottima pizza napoletana, magari su una terrazza sul mare.","og_url":"https:\/\/www.vieste.it\/tour\/gallipoli-cosa-vedere\/dove-mangiare-gallipoli\/","og_site_name":"Vieste e dintorni","article_modified_time":"2022-05-18T06:34:14+00:00","og_image":[{"url":"https:\/\/www.vieste.it\/tour\/wp-content\/uploads\/2022\/05\/spiaggia-di-gallipoli-300x159.jpg","type":"","width":"","height":""}],"twitter_card":"summary_large_image","twitter_misc":{"Tempo di lettura stimato":"3 minuti"},"schema":{"@context":"https:\/\/schema.org","@graph":[{"@type":"WebPage","@id":"https:\/\/www.vieste.it\/tour\/gallipoli-cosa-vedere\/dove-mangiare-gallipoli\/","url":"https:\/\/www.vieste.it\/tour\/gallipoli-cosa-vedere\/dove-mangiare-gallipoli\/","name":"Dove mangiare il pesce a Gallipoli - Vieste e dintorni","isPartOf":{"@id":"https:\/\/www.vieste.it\/tour\/#website"},"primaryImageOfPage":{"@id":"https:\/\/www.vieste.it\/tour\/gallipoli-cosa-vedere\/dove-mangiare-gallipoli\/#primaryimage"},"image":{"@id":"https:\/\/www.vieste.it\/tour\/gallipoli-cosa-vedere\/dove-mangiare-gallipoli\/#primaryimage"},"thumbnailUrl":"https:\/\/www.vieste.it\/tour\/wp-content\/uploads\/2022\/05\/spiaggia-di-gallipoli-300x159.jpg","datePublished":"2022-05-10T07:04:40+00:00","dateModified":"2022-05-18T06:34:14+00:00","description":"I ristoranti di Gallipoli dove poter mangiare il pesce fresco o una ottima pizza napoletana, magari su una terrazza sul mare.","breadcrumb":{"@id":"https:\/\/www.vieste.it\/tour\/gallipoli-cosa-vedere\/dove-mangiare-gallipoli\/#breadcrumb"},"inLanguage":"it-IT","potentialAction":[{"@type":"ReadAction","target":["https:\/\/www.vieste.it\/tour\/gallipoli-cosa-vedere\/dove-mangiare-gallipoli\/"]}]},{"@type":"ImageObject","inLanguage":"it-IT","@id":"https:\/\/www.vieste.it\/tour\/gallipoli-cosa-vedere\/dove-mangiare-gallipoli\/#primaryimage","url":"https:\/\/www.vieste.it\/tour\/wp-content\/uploads\/2022\/05\/spiaggia-di-gallipoli.jpg","contentUrl":"https:\/\/www.vieste.it\/tour\/wp-content\/uploads\/2022\/05\/spiaggia-di-gallipoli.jpg","width":1200,"height":634},{"@type":"BreadcrumbList","@id":"https:\/\/www.vieste.it\/tour\/gallipoli-cosa-vedere\/dove-mangiare-gallipoli\/#breadcrumb","itemListElement":[{"@type":"ListItem","position":1,"name":"Home","item":"https:\/\/www.vieste.it\/tour\/"},{"@type":"ListItem","position":2,"name":"Cosa vedere a Gallipoli la Perla del Salento","item":"https:\/\/www.vieste.it\/tour\/gallipoli-cosa-vedere\/"},{"@type":"ListItem","position":3,"name":"Dove mangiare il pesce a Gallipoli"}]},{"@type":"WebSite","@id":"https:\/\/www.vieste.it\/tour\/#website","url":"https:\/\/www.vieste.it\/tour\/","name":"Vieste e dintorni","description":"","publisher":{"@id":"https:\/\/www.vieste.it\/tour\/#organization"},"potentialAction":[{"@type":"SearchAction","target":{"@type":"EntryPoint","urlTemplate":"https:\/\/www.vieste.it\/tour\/?s={search_term_string}"},"query-input":{"@type":"PropertyValueSpecification","valueRequired":true,"valueName":"search_term_string"}}],"inLanguage":"it-IT"},{"@type":"Organization","@id":"https:\/\/www.vieste.it\/tour\/#organization","name":"Vieste.it","url":"https:\/\/www.vieste.it\/tour\/","logo":{"@type":"ImageObject","inLanguage":"it-IT","@id":"https:\/\/www.vieste.it\/tour\/#\/schema\/logo\/image\/","url":"https:\/\/www.vieste.it\/tour\/wp-content\/uploads\/2020\/11\/logoviesteit.png","contentUrl":"https:\/\/www.vieste.it\/tour\/wp-content\/uploads\/2020\/11\/logoviesteit.png","width":170,"height":75,"caption":"Vieste.it"},"image":{"@id":"https:\/\/www.vieste.it\/tour\/#\/schema\/logo\/image\/"}}]}},"_links":{"self":[{"href":"https:\/\/www.vieste.it\/tour\/wp-json\/wp\/v2\/pages\/1378","targetHints":{"allow":["GET"]}}],"collection":[{"href":"https:\/\/www.vieste.it\/tour\/wp-json\/wp\/v2\/pages"}],"about":[{"href":"https:\/\/www.vieste.it\/tour\/wp-json\/wp\/v2\/types\/page"}],"author":[{"embeddable":true,"href":"https:\/\/www.vieste.it\/tour\/wp-json\/wp\/v2\/users\/1"}],"replies":[{"embeddable":true,"href":"https:\/\/www.vieste.it\/tour\/wp-json\/wp\/v2\/comments?post=1378"}],"version-history":[{"count":20,"href":"https:\/\/www.vieste.it\/tour\/wp-json\/wp\/v2\/pages\/1378\/revisions"}],"predecessor-version":[{"id":1454,"href":"https:\/\/www.vieste.it\/tour\/wp-json\/wp\/v2\/pages\/1378\/revisions\/1454"}],"up":[{"embeddable":true,"href":"https:\/\/www.vieste.it\/tour\/wp-json\/wp\/v2\/pages\/1335"}],"wp:attachment":[{"href":"https:\/\/www.vieste.it\/tour\/wp-json\/wp\/v2\/media?parent=1378"}],"curies":[{"name":"wp","href":"https:\/\/api.w.org\/{rel}","templated":true}]}}