{"id":1335,"date":"2022-05-06T18:14:24","date_gmt":"2022-05-06T16:14:24","guid":{"rendered":"https:\/\/www.vieste.it\/tour\/?p=1335"},"modified":"2022-06-23T11:13:14","modified_gmt":"2022-06-23T09:13:14","slug":"gallipoli-cosa-vedere","status":"publish","type":"page","link":"https:\/\/www.vieste.it\/tour\/gallipoli-cosa-vedere\/","title":{"rendered":"Cosa vedere a Gallipoli la Perla del Salento"},"content":{"rendered":"<p><img loading=\"lazy\" decoding=\"async\" class=\"aligncenter wp-image-1336\" src=\"https:\/\/www.vieste.it\/tour\/wp-content\/uploads\/2022\/05\/gallipoli-300x148.jpg\" alt=\"Da vedere a GALLIPOLI la citt\u00e0 Bella, mare, spiaggia, centro storico\" width=\"898\" height=\"443\" srcset=\"https:\/\/www.vieste.it\/tour\/wp-content\/uploads\/2022\/05\/gallipoli-300x148.jpg 300w, https:\/\/www.vieste.it\/tour\/wp-content\/uploads\/2022\/05\/gallipoli-1024x506.jpg 1024w, https:\/\/www.vieste.it\/tour\/wp-content\/uploads\/2022\/05\/gallipoli-768x380.jpg 768w, https:\/\/www.vieste.it\/tour\/wp-content\/uploads\/2022\/05\/gallipoli.jpg 1200w\" sizes=\"auto, (max-width: 898px) 100vw, 898px\" \/><\/p>\n<p><strong>Cosa vedere a Gallipoli <\/strong>nella greca <strong>Callipolis<\/strong> il cui nome <strong>Kal\u00e8 polis<\/strong> significa \u00ab <strong>Citt\u00e0 bella<\/strong> \u00bb \u00e8 luogo di un bianco affascinante, uno dei pi\u00f9 pittoreschi centri che abbia la <a href=\"https:\/\/www.vieste.it\/puglia\/penisola-salentina.htm\"><strong>penisola salentina<\/strong><\/a> e la <strong>\u00a0<a href=\"https:\/\/www.vieste.it\/puglia\/\">Puglia<\/a><\/strong>.\u00a0 Da visitare il <strong>Castello Angioino<\/strong> un gioiello di architettura militare, il <strong>Frantoio Ipogeo di Palazzo Granafei<\/strong>\u00a0 usato in passato per la produzione di olio lampante che serviva per\u00a0 illuminare le strade di quasi tutte le principali capitali europee e il <strong>Porto peschereccio<\/strong> con il <strong>mercato ittico<\/strong>, che si svolge ogni mattina dal luned\u00ec al sabato.<\/p>\n<p>Le viuzze, le case, le botteghe, i bugigattoli, i mercatini, gli uomini e persine le voci e i rumori danno ad ogni momento la sensazione di vivere un&#8217;atmosfera intensa, tipica di una citt\u00e0 di\u00a0 confine\u00a0 aperta al miraggio dell&#8217;Oriente.<br \/>\n<strong>Gallipoli<\/strong>, con circa 20.500 abitanti, \u00e8 una delle citt\u00e0 pi\u00f9 belle del<strong><a href=\"https:\/\/www.vieste.it\/puglia\/salento\/guida.htm\"> Salento<\/a><\/strong> e si compone di <strong>due parti<\/strong>:<\/p>\n<ul>\n<li>una <strong>antica<\/strong>, detta la <strong>Citt\u00e0<\/strong>, estesa su un&#8217; <strong>isola<\/strong>;<\/li>\n<li>e una moderna, detta il <strong>Borgo<\/strong>, che si estende su un promontorio collegato all&#8217;isola dall&#8217; esile <strong>istmo di un ponte<\/strong>.<\/li>\n<\/ul>\n<p>Per questa sua straordinaria posizione, la citt\u00e0 fu sempre esposta, nel corso della sua storia, a numerosi assedi. Due, in particolare, sono rimasti memorabili: quello del 1484, effettuato dai <strong>Veneziani<\/strong> e conclusosi con la vittoria di questi (ma dopo una difesa cosi eroica da parte della citt\u00e0 da riempire di ammirazione gli assalitori stessi); e quello del 1528, che vide i Francesi sconfitti e respinti dalla resistenza opposta dagli abitanti.<\/p>\n<h2><strong>Gallipoli c<\/strong><strong>osa vedere <\/strong><strong>e cosa visitare durante la vacanza<br \/>\n<\/strong><\/h2>\n<div class='content-column two_third'><div style=\"padding-right:10px;\"><p>Percorso il lungo <strong>Corso Roma<\/strong>, che attraversa i quartieri moderni del <strong> Borgo<\/strong>, sostiamo, presso il ponte che unisce il promontorio all&#8217;isola, alla <strong>Fontana Ellenistica. <\/strong>Un caratteristico monumento che inquadra tre antichissime sculture rappresentanti le metamorfosi di mitici personaggi greci: <strong>Dirce<\/strong>, <strong>Salmace<\/strong> e <strong>B\u00ecbl\u00ecde<\/strong>.<\/p>\n<p>A destra del ponte si apre la vista del <strong>Porto Nuovo<\/strong>, mentre a sinistra si estende quello antico, detto <strong>Seno del Canneto<\/strong>, dominato dal quadrilatero <strong>Castello Angioino<\/strong> che emerge dalle acque coi suoi possenti torrioni cilindrici.<br \/>\nLe <strong>mura<\/strong>, le <strong>torri<\/strong>, i <strong>bastioni<\/strong> serrano la Citt\u00e0 e la chiudono da ogni parte, difendendola dalla violenza del mare.<\/p><\/div><\/div>\n<div class='content-column one_third last_column'><div style=\"padding-right:0x;padding-left:10px;\"><p><img loading=\"lazy\" decoding=\"async\" class=\"alignnone wp-image-1369\" src=\"https:\/\/www.vieste.it\/tour\/wp-content\/uploads\/2022\/05\/fontana-ellenistica-gallipo-300x292.jpg\" alt=\"\" width=\"400\" height=\"389\" srcset=\"https:\/\/www.vieste.it\/tour\/wp-content\/uploads\/2022\/05\/fontana-ellenistica-gallipo-300x292.jpg 300w, https:\/\/www.vieste.it\/tour\/wp-content\/uploads\/2022\/05\/fontana-ellenistica-gallipo.jpg 500w\" sizes=\"auto, (max-width: 400px) 100vw, 400px\" \/><\/p>\n<p>La fontana ellenistica ricostruita nel 1560<\/p><\/div><\/div><div class='clear_column'><\/div>\n<div class='content-column two_third'><div style=\"padding-right:10px;\"><p>Entro questo perimetro, troviamo palazzi gentilizi, come il cinquecentesco <strong>Palazzo Balsamo<\/strong>, e il settecentesco\u00a0<strong> Palazzo Romito<\/strong> dagli ampi portali, dalle finestre floride di cornici e di volute, dalle balaustre rigonfie.<\/p>\n<p>Tutti i palazzi molto ben tenuti si concentrano a nord di Via Antonietta de Pace mentre a sud troviamo il mosaico dei quartieri popolari, solcati da viuzze bianche sormontate da archi e da chiese:<\/p>\n<ul>\n<li>la barocca <strong>Cattedrale di Sant&#8217;Agata <\/strong>(1630), il cui vasto interno \u00e8 una vera pinacoteca di pitture del Sei-Settecento, dovute a <strong> Giovanni Andrea Coppola<\/strong>, da Gall\u00ecpoli, e a <strong>Nicola Malinconico<\/strong>, napoletano;<\/li>\n<li>varie chiese, fra cui quella della <strong>Purit\u00e0<\/strong>, con pregevoli <strong> dipinti<\/strong> e con uno splendido <strong>pavimento maiolicato<\/strong>;<\/li>\n<li>o quella di <strong>San Francesco<\/strong> che custodisce una <strong>tavola del Pordenone<\/strong>.<\/li>\n<li>e da altre <strong>chiese piccole<\/strong>, con le facciate color rosa o azzurro-cielo e gremite di\u00a0 <em>ex voto<\/em> raffiguranti scene di tempeste e salvataggi miracolosi.<\/li>\n<\/ul><\/div><\/div>\n<div class='content-column one_third last_column'><div style=\"padding-right:0x;padding-left:10px;\"><p><img loading=\"lazy\" decoding=\"async\" class=\"alignnone wp-image-1362 \" src=\"https:\/\/www.vieste.it\/tour\/wp-content\/uploads\/2022\/05\/facciata-cattedrale-gallipo-300x281.jpg\" alt=\"Da vedere la cattedrale con facciata barocca di Gallipoli\" width=\"400\" height=\"375\" srcset=\"https:\/\/www.vieste.it\/tour\/wp-content\/uploads\/2022\/05\/facciata-cattedrale-gallipo-300x281.jpg 300w, https:\/\/www.vieste.it\/tour\/wp-content\/uploads\/2022\/05\/facciata-cattedrale-gallipo.jpg 550w\" sizes=\"auto, (max-width: 400px) 100vw, 400px\" \/><\/p>\n<p>Facciata barocca della Cattedrale di Gallipoli<\/p><\/div><\/div><div class='clear_column'><\/div>\n<div class='content-column two_third'><div style=\"padding-right:10px;\"><p>Da vedere la magnifica circonvallazione a mare con la: <strong>Riviera Diaz<\/strong>, <strong>Riviera Sauro<\/strong>, <strong>Riviera Colombo\u00a0<\/strong> che compie il giro esterno di Gallipoli, con belle ed ampie viste sul <strong>mare<\/strong> e sulla <strong>costa<\/strong>.<\/p><\/div><\/div>\n<div class='content-column one_third last_column'><div style=\"padding-right:0x;padding-left:10px;\"><p><img loading=\"lazy\" decoding=\"async\" class=\"alignnone wp-image-1364 \" src=\"https:\/\/www.vieste.it\/tour\/wp-content\/uploads\/2022\/05\/gallipoli-dal-mare-300x252.jpg\" alt=\"Pasrziale veduta della citta di Gallipoli dal mare\" width=\"400\" height=\"336\" srcset=\"https:\/\/www.vieste.it\/tour\/wp-content\/uploads\/2022\/05\/gallipoli-dal-mare-300x252.jpg 300w, https:\/\/www.vieste.it\/tour\/wp-content\/uploads\/2022\/05\/gallipoli-dal-mare.jpg 400w\" sizes=\"auto, (max-width: 400px) 100vw, 400px\" \/><\/p>\n<p>Veduta parziale di Gallipoli dal mare<\/p><\/div><\/div><div class='clear_column'><\/div>\n<h4>Dintorni di Gallipoli<\/h4>\n<p>Nell\u2019entroterra tra vigneti e uliveti, sorgono piccoli paesi e vale la pena\u00a0 visitarne qualcuno. <strong>A Casarano<\/strong>, per esempio, potrete dare un\u2019occhiata ai pregevoli mosaici cristiani conservati nella Chiesa di Santa Maria della Croce.<br \/>\n<strong>A Taviano<\/strong> <em>Camere, vino e cucina<\/em>: ciceri e trie, agnello, straccetti di manzo e cavallo al sugo, e poi gnomareddhi e moniceddhe nella caratteristica locanda <strong>A Casa Tu Martinu <\/strong>tel. 0833 91 36 52; www.acasatumartinu.com; Via Corsica 95.\u00a0 <strong>A Racale, <\/strong>invece per una invitante cena, alla fantastica <strong>Acchiatura<\/strong> (tel. 0833 55 88 39\/392 341 15 94; www.acchiatura.it; Via Marzani 12)\u00a0 una rustica trattoria per gustare le semplici orecchiette con pomodoro, melanzane e scamorza, i pezzetti di cavallo al sugo oppure i tanti antipasti serviti in piattini.<\/p>\n<h2>Come Arrivare a Gallipoli<\/h2>\n<p><strong>I treni delle Ferrovie del Sud Est<\/strong> (FSE; tel 800 079 090; www.fseonline.it) collegano Gallipoli con Lecce e Galatina. Per raggiungere Otranto, invece, prendete un treno per Zollino o Maglie e poi cambiate. I treni effettuano servizio solo dal luned\u00ec al sabato, mentre la domenica ci sono autobus sostitutivi. Se siete\u00a0 diretti a Porto Cesareo dovrete prendere un treno<br \/>\nfino a Nard\u00f2 e l\u00ec cambiare. Tra giugno e settembre il SalentoinBus garantisce corse supplementari.<\/p>\n<p><strong> Trasporti locali\u00a0 &#8211; <\/strong>Gli autobus diretti alla spiaggia fanno il giro dell\u2019isola e impiegano circa 15 minuti per arrivare\u00a0 a destinazione. In estate, in corrispondenza della spiaggia c\u2019\u00e8 un parcheggio con parcometro. Potrete noleggiare biciclette e scooter da Cicli &amp; Motocicli (tel. 347 685 67 26; Via Trento 18).<\/p>\n","protected":false},"excerpt":{"rendered":"<p>Cosa vedere a Gallipoli nella greca Callipolis il cui nome Kal\u00e8 polis significa \u00ab Citt\u00e0 bella \u00bb \u00e8 luogo di un bianco affascinante, uno dei pi\u00f9 pittoreschi centri che abbia la penisola salentina e la \u00a0Puglia.\u00a0 Da visitare il Castello Angioino un gioiello di architettura militare, il Frantoio Ipogeo di Palazzo Granafei\u00a0 usato in passato &hellip;<\/p>\n<p class=\"read-more\"> <a class=\"\" href=\"https:\/\/www.vieste.it\/tour\/gallipoli-cosa-vedere\/\"> <span class=\"screen-reader-text\">Cosa vedere a Gallipoli la Perla del Salento<\/span> Leggi altro &raquo;<\/a><\/p>\n","protected":false},"author":1,"featured_media":0,"parent":0,"menu_order":0,"comment_status":"closed","ping_status":"open","template":"","meta":{"site-sidebar-layout":"default","site-content-layout":"default","ast-main-header-display":"","ast-hfb-above-header-display":"","ast-hfb-below-header-display":"","ast-hfb-mobile-header-display":"","site-post-title":"","ast-breadcrumbs-content":"","ast-featured-img":"","footer-sml-layout":"","theme-transparent-header-meta":"default","adv-header-id-meta":"","stick-header-meta":"","header-above-stick-meta":"","header-main-stick-meta":"","header-below-stick-meta":"","footnotes":""},"class_list":["post-1335","page","type-page","status-publish","hentry"],"yoast_head":"<!-- This site is optimized with the Yoast SEO plugin v26.6 - https:\/\/yoast.com\/wordpress\/plugins\/seo\/ -->\n<title>Cosa vedere a Gallipoli la Perla del Salento - Vieste e dintorni<\/title>\n<meta name=\"description\" content=\"Cosa vedere a Gallipoli nella greca Callipolis il cui nome Kal\u00e8 polis significa \u00ab Citt\u00e0 bella \u00bb \u00e8 luogo di un bianco affascinante.\" \/>\n<meta name=\"robots\" content=\"index, follow, max-snippet:-1, max-image-preview:large, max-video-preview:-1\" \/>\n<link rel=\"canonical\" href=\"https:\/\/www.vieste.it\/tour\/gallipoli-cosa-vedere\/\" \/>\n<meta property=\"og:locale\" content=\"it_IT\" \/>\n<meta property=\"og:type\" content=\"article\" \/>\n<meta property=\"og:title\" content=\"Cosa vedere a Gallipoli la Perla del Salento - Vieste e dintorni\" \/>\n<meta property=\"og:description\" content=\"Cosa vedere a Gallipoli nella greca Callipolis il cui nome Kal\u00e8 polis significa \u00ab Citt\u00e0 bella \u00bb \u00e8 luogo di un bianco affascinante.\" \/>\n<meta property=\"og:url\" content=\"https:\/\/www.vieste.it\/tour\/gallipoli-cosa-vedere\/\" \/>\n<meta property=\"og:site_name\" content=\"Vieste e dintorni\" \/>\n<meta property=\"article:modified_time\" content=\"2022-06-23T09:13:14+00:00\" \/>\n<meta property=\"og:image\" content=\"https:\/\/www.vieste.it\/tour\/wp-content\/uploads\/2022\/05\/gallipoli-300x148.jpg\" \/>\n<meta name=\"twitter:card\" content=\"summary_large_image\" \/>\n<meta name=\"twitter:label1\" content=\"Tempo di lettura stimato\" \/>\n\t<meta name=\"twitter:data1\" content=\"4 minuti\" \/>\n<script type=\"application\/ld+json\" class=\"yoast-schema-graph\">{\"@context\":\"https:\/\/schema.org\",\"@graph\":[{\"@type\":\"WebPage\",\"@id\":\"https:\/\/www.vieste.it\/tour\/gallipoli-cosa-vedere\/\",\"url\":\"https:\/\/www.vieste.it\/tour\/gallipoli-cosa-vedere\/\",\"name\":\"Cosa vedere a Gallipoli la Perla del Salento - Vieste e dintorni\",\"isPartOf\":{\"@id\":\"https:\/\/www.vieste.it\/tour\/#website\"},\"primaryImageOfPage\":{\"@id\":\"https:\/\/www.vieste.it\/tour\/gallipoli-cosa-vedere\/#primaryimage\"},\"image\":{\"@id\":\"https:\/\/www.vieste.it\/tour\/gallipoli-cosa-vedere\/#primaryimage\"},\"thumbnailUrl\":\"https:\/\/www.vieste.it\/tour\/wp-content\/uploads\/2022\/05\/gallipoli-300x148.jpg\",\"datePublished\":\"2022-05-06T16:14:24+00:00\",\"dateModified\":\"2022-06-23T09:13:14+00:00\",\"description\":\"Cosa vedere a Gallipoli nella greca Callipolis il cui nome Kal\u00e8 polis significa \u00ab Citt\u00e0 bella \u00bb \u00e8 luogo di un bianco affascinante.\",\"breadcrumb\":{\"@id\":\"https:\/\/www.vieste.it\/tour\/gallipoli-cosa-vedere\/#breadcrumb\"},\"inLanguage\":\"it-IT\",\"potentialAction\":[{\"@type\":\"ReadAction\",\"target\":[\"https:\/\/www.vieste.it\/tour\/gallipoli-cosa-vedere\/\"]}]},{\"@type\":\"ImageObject\",\"inLanguage\":\"it-IT\",\"@id\":\"https:\/\/www.vieste.it\/tour\/gallipoli-cosa-vedere\/#primaryimage\",\"url\":\"https:\/\/www.vieste.it\/tour\/wp-content\/uploads\/2022\/05\/gallipoli.jpg\",\"contentUrl\":\"https:\/\/www.vieste.it\/tour\/wp-content\/uploads\/2022\/05\/gallipoli.jpg\",\"width\":1200,\"height\":593},{\"@type\":\"BreadcrumbList\",\"@id\":\"https:\/\/www.vieste.it\/tour\/gallipoli-cosa-vedere\/#breadcrumb\",\"itemListElement\":[{\"@type\":\"ListItem\",\"position\":1,\"name\":\"Home\",\"item\":\"https:\/\/www.vieste.it\/tour\/\"},{\"@type\":\"ListItem\",\"position\":2,\"name\":\"Cosa vedere a Gallipoli la Perla del Salento\"}]},{\"@type\":\"WebSite\",\"@id\":\"https:\/\/www.vieste.it\/tour\/#website\",\"url\":\"https:\/\/www.vieste.it\/tour\/\",\"name\":\"Vieste e dintorni\",\"description\":\"\",\"publisher\":{\"@id\":\"https:\/\/www.vieste.it\/tour\/#organization\"},\"potentialAction\":[{\"@type\":\"SearchAction\",\"target\":{\"@type\":\"EntryPoint\",\"urlTemplate\":\"https:\/\/www.vieste.it\/tour\/?s={search_term_string}\"},\"query-input\":{\"@type\":\"PropertyValueSpecification\",\"valueRequired\":true,\"valueName\":\"search_term_string\"}}],\"inLanguage\":\"it-IT\"},{\"@type\":\"Organization\",\"@id\":\"https:\/\/www.vieste.it\/tour\/#organization\",\"name\":\"Vieste.it\",\"url\":\"https:\/\/www.vieste.it\/tour\/\",\"logo\":{\"@type\":\"ImageObject\",\"inLanguage\":\"it-IT\",\"@id\":\"https:\/\/www.vieste.it\/tour\/#\/schema\/logo\/image\/\",\"url\":\"https:\/\/www.vieste.it\/tour\/wp-content\/uploads\/2020\/11\/logoviesteit.png\",\"contentUrl\":\"https:\/\/www.vieste.it\/tour\/wp-content\/uploads\/2020\/11\/logoviesteit.png\",\"width\":170,\"height\":75,\"caption\":\"Vieste.it\"},\"image\":{\"@id\":\"https:\/\/www.vieste.it\/tour\/#\/schema\/logo\/image\/\"}}]}<\/script>\n<!-- \/ Yoast SEO plugin. -->","yoast_head_json":{"title":"Cosa vedere a Gallipoli la Perla del Salento - Vieste e dintorni","description":"Cosa vedere a Gallipoli nella greca Callipolis il cui nome Kal\u00e8 polis significa \u00ab Citt\u00e0 bella \u00bb \u00e8 luogo di un bianco affascinante.","robots":{"index":"index","follow":"follow","max-snippet":"max-snippet:-1","max-image-preview":"max-image-preview:large","max-video-preview":"max-video-preview:-1"},"canonical":"https:\/\/www.vieste.it\/tour\/gallipoli-cosa-vedere\/","og_locale":"it_IT","og_type":"article","og_title":"Cosa vedere a Gallipoli la Perla del Salento - Vieste e dintorni","og_description":"Cosa vedere a Gallipoli nella greca Callipolis il cui nome Kal\u00e8 polis significa \u00ab Citt\u00e0 bella \u00bb \u00e8 luogo di un bianco affascinante.","og_url":"https:\/\/www.vieste.it\/tour\/gallipoli-cosa-vedere\/","og_site_name":"Vieste e dintorni","article_modified_time":"2022-06-23T09:13:14+00:00","og_image":[{"url":"https:\/\/www.vieste.it\/tour\/wp-content\/uploads\/2022\/05\/gallipoli-300x148.jpg","type":"","width":"","height":""}],"twitter_card":"summary_large_image","twitter_misc":{"Tempo di lettura stimato":"4 minuti"},"schema":{"@context":"https:\/\/schema.org","@graph":[{"@type":"WebPage","@id":"https:\/\/www.vieste.it\/tour\/gallipoli-cosa-vedere\/","url":"https:\/\/www.vieste.it\/tour\/gallipoli-cosa-vedere\/","name":"Cosa vedere a Gallipoli la Perla del Salento - Vieste e dintorni","isPartOf":{"@id":"https:\/\/www.vieste.it\/tour\/#website"},"primaryImageOfPage":{"@id":"https:\/\/www.vieste.it\/tour\/gallipoli-cosa-vedere\/#primaryimage"},"image":{"@id":"https:\/\/www.vieste.it\/tour\/gallipoli-cosa-vedere\/#primaryimage"},"thumbnailUrl":"https:\/\/www.vieste.it\/tour\/wp-content\/uploads\/2022\/05\/gallipoli-300x148.jpg","datePublished":"2022-05-06T16:14:24+00:00","dateModified":"2022-06-23T09:13:14+00:00","description":"Cosa vedere a Gallipoli nella greca Callipolis il cui nome Kal\u00e8 polis significa \u00ab Citt\u00e0 bella \u00bb \u00e8 luogo di un bianco affascinante.","breadcrumb":{"@id":"https:\/\/www.vieste.it\/tour\/gallipoli-cosa-vedere\/#breadcrumb"},"inLanguage":"it-IT","potentialAction":[{"@type":"ReadAction","target":["https:\/\/www.vieste.it\/tour\/gallipoli-cosa-vedere\/"]}]},{"@type":"ImageObject","inLanguage":"it-IT","@id":"https:\/\/www.vieste.it\/tour\/gallipoli-cosa-vedere\/#primaryimage","url":"https:\/\/www.vieste.it\/tour\/wp-content\/uploads\/2022\/05\/gallipoli.jpg","contentUrl":"https:\/\/www.vieste.it\/tour\/wp-content\/uploads\/2022\/05\/gallipoli.jpg","width":1200,"height":593},{"@type":"BreadcrumbList","@id":"https:\/\/www.vieste.it\/tour\/gallipoli-cosa-vedere\/#breadcrumb","itemListElement":[{"@type":"ListItem","position":1,"name":"Home","item":"https:\/\/www.vieste.it\/tour\/"},{"@type":"ListItem","position":2,"name":"Cosa vedere a Gallipoli la Perla del Salento"}]},{"@type":"WebSite","@id":"https:\/\/www.vieste.it\/tour\/#website","url":"https:\/\/www.vieste.it\/tour\/","name":"Vieste e dintorni","description":"","publisher":{"@id":"https:\/\/www.vieste.it\/tour\/#organization"},"potentialAction":[{"@type":"SearchAction","target":{"@type":"EntryPoint","urlTemplate":"https:\/\/www.vieste.it\/tour\/?s={search_term_string}"},"query-input":{"@type":"PropertyValueSpecification","valueRequired":true,"valueName":"search_term_string"}}],"inLanguage":"it-IT"},{"@type":"Organization","@id":"https:\/\/www.vieste.it\/tour\/#organization","name":"Vieste.it","url":"https:\/\/www.vieste.it\/tour\/","logo":{"@type":"ImageObject","inLanguage":"it-IT","@id":"https:\/\/www.vieste.it\/tour\/#\/schema\/logo\/image\/","url":"https:\/\/www.vieste.it\/tour\/wp-content\/uploads\/2020\/11\/logoviesteit.png","contentUrl":"https:\/\/www.vieste.it\/tour\/wp-content\/uploads\/2020\/11\/logoviesteit.png","width":170,"height":75,"caption":"Vieste.it"},"image":{"@id":"https:\/\/www.vieste.it\/tour\/#\/schema\/logo\/image\/"}}]}},"_links":{"self":[{"href":"https:\/\/www.vieste.it\/tour\/wp-json\/wp\/v2\/pages\/1335","targetHints":{"allow":["GET"]}}],"collection":[{"href":"https:\/\/www.vieste.it\/tour\/wp-json\/wp\/v2\/pages"}],"about":[{"href":"https:\/\/www.vieste.it\/tour\/wp-json\/wp\/v2\/types\/page"}],"author":[{"embeddable":true,"href":"https:\/\/www.vieste.it\/tour\/wp-json\/wp\/v2\/users\/1"}],"replies":[{"embeddable":true,"href":"https:\/\/www.vieste.it\/tour\/wp-json\/wp\/v2\/comments?post=1335"}],"version-history":[{"count":38,"href":"https:\/\/www.vieste.it\/tour\/wp-json\/wp\/v2\/pages\/1335\/revisions"}],"predecessor-version":[{"id":1347,"href":"https:\/\/www.vieste.it\/tour\/wp-json\/wp\/v2\/pages\/1335\/revisions\/1347"}],"wp:attachment":[{"href":"https:\/\/www.vieste.it\/tour\/wp-json\/wp\/v2\/media?parent=1335"}],"curies":[{"name":"wp","href":"https:\/\/api.w.org\/{rel}","templated":true}]}}